{"id":3639,"date":"2023-05-16T15:27:50","date_gmt":"2023-05-16T15:27:50","guid":{"rendered":"https:\/\/if.edu.mx\/?page_id=3639"},"modified":"2025-07-01T19:49:24","modified_gmt":"2025-07-01T19:49:24","slug":"aviso-de-privacidad","status":"publish","type":"page","link":"https:\/\/if.edu.mx\/index.php\/aviso-de-privacidad\/","title":{"rendered":"AVISO DE PRIVACIDAD"},"content":{"rendered":"\t\t<div data-elementor-type=\"wp-page\" data-elementor-id=\"3639\" class=\"elementor elementor-3639\">\n\t\t\t\t\t\t\t\t\t<section class=\"elementor-section elementor-top-section elementor-element elementor-element-6224ab0 elementor-section-height-min-height elementor-section-boxed elementor-section-height-default elementor-section-items-middle\" data-id=\"6224ab0\" data-element_type=\"section\" data-settings=\"{&quot;background_background&quot;:&quot;classic&quot;}\">\n\t\t\t\t\t\t\t<div class=\"elementor-background-overlay\"><\/div>\n\t\t\t\t\t\t\t<div class=\"elementor-container elementor-column-gap-default\">\n\t\t\t\t\t<div class=\"elementor-column elementor-col-100 elementor-top-column elementor-element elementor-element-5d66554\" data-id=\"5d66554\" data-element_type=\"column\">\n\t\t\t<div class=\"elementor-widget-wrap elementor-element-populated\">\n\t\t\t\t\t\t\t\t<section class=\"elementor-section elementor-inner-section elementor-element elementor-element-84219c4 elementor-section-boxed elementor-section-height-default elementor-section-height-default\" data-id=\"84219c4\" data-element_type=\"section\">\n\t\t\t\t\t\t<div class=\"elementor-container elementor-column-gap-default\">\n\t\t\t\t\t<div class=\"elementor-column elementor-col-100 elementor-inner-column elementor-element elementor-element-2773efd\" data-id=\"2773efd\" data-element_type=\"column\">\n\t\t\t<div class=\"elementor-widget-wrap elementor-element-populated\">\n\t\t\t\t\t\t\t\t<div class=\"elementor-element elementor-element-f307baa elementor-widget elementor-widget-heading\" data-id=\"f307baa\" data-element_type=\"widget\" data-widget_type=\"heading.default\">\n\t\t\t\t<div class=\"elementor-widget-container\">\n\t\t\t<style>\/*! elementor - v3.7.1 - 14-08-2022 *\/\n.elementor-heading-title{padding:0;margin:0;line-height:1}.elementor-widget-heading .elementor-heading-title[class*=elementor-size-]>a{color:inherit;font-size:inherit;line-height:inherit}.elementor-widget-heading .elementor-heading-title.elementor-size-small{font-size:15px}.elementor-widget-heading .elementor-heading-title.elementor-size-medium{font-size:19px}.elementor-widget-heading .elementor-heading-title.elementor-size-large{font-size:29px}.elementor-widget-heading .elementor-heading-title.elementor-size-xl{font-size:39px}.elementor-widget-heading .elementor-heading-title.elementor-size-xxl{font-size:59px}<\/style><h2 class=\"elementor-heading-title elementor-size-default\">AVISO DE PRIVACIDAD<\/h2>\t\t<\/div>\n\t\t\t\t<\/div>\n\t\t\t\t\t<\/div>\n\t\t<\/div>\n\t\t\t\t\t\t\t<\/div>\n\t\t<\/section>\n\t\t\t\t<section class=\"elementor-section elementor-inner-section elementor-element elementor-element-d2829f6 elementor-section-boxed elementor-section-height-default elementor-section-height-default\" data-id=\"d2829f6\" data-element_type=\"section\">\n\t\t\t\t\t\t<div class=\"elementor-container elementor-column-gap-default\">\n\t\t\t\t\t<div class=\"elementor-column elementor-col-100 elementor-inner-column elementor-element elementor-element-aece3ac\" data-id=\"aece3ac\" data-element_type=\"column\">\n\t\t\t<div class=\"elementor-widget-wrap elementor-element-populated\">\n\t\t\t\t\t\t\t\t<div class=\"elementor-element elementor-element-22d35fe elementor-widget elementor-widget-text-editor\" data-id=\"22d35fe\" data-element_type=\"widget\" data-widget_type=\"text-editor.default\">\n\t\t\t\t<div class=\"elementor-widget-container\">\n\t\t\t<style>\/*! elementor - v3.7.1 - 14-08-2022 *\/\n.elementor-widget-text-editor.elementor-drop-cap-view-stacked .elementor-drop-cap{background-color:#818a91;color:#fff}.elementor-widget-text-editor.elementor-drop-cap-view-framed .elementor-drop-cap{color:#818a91;border:3px solid;background-color:transparent}.elementor-widget-text-editor:not(.elementor-drop-cap-view-default) .elementor-drop-cap{margin-top:8px}.elementor-widget-text-editor:not(.elementor-drop-cap-view-default) .elementor-drop-cap-letter{width:1em;height:1em}.elementor-widget-text-editor .elementor-drop-cap{float:left;text-align:center;line-height:1;font-size:50px}.elementor-widget-text-editor .elementor-drop-cap-letter{display:inline-block}<\/style>\t\t\t\t<p><span style=\"color: #ffffff;\">Con reconocimiento de validez oficial de estudios No. 2002467 otorgado por la S.E.P. el 22 de diciembre del 2000.<\/span><\/p>\t\t\t\t\t\t<\/div>\n\t\t\t\t<\/div>\n\t\t\t\t\t<\/div>\n\t\t<\/div>\n\t\t\t\t\t\t\t<\/div>\n\t\t<\/section>\n\t\t\t\t\t<\/div>\n\t\t<\/div>\n\t\t\t\t\t\t\t<\/div>\n\t\t<\/section>\n\t\t\t\t<section class=\"elementor-section elementor-top-section elementor-element elementor-element-3070920 elementor-section-boxed elementor-section-height-default elementor-section-height-default elementor-invisible\" data-id=\"3070920\" data-element_type=\"section\" data-settings=\"{&quot;animation&quot;:&quot;fadeInUp&quot;}\">\n\t\t\t\t\t\t<div class=\"elementor-container elementor-column-gap-default\">\n\t\t\t\t\t<div class=\"elementor-column elementor-col-100 elementor-top-column elementor-element elementor-element-8b21ae2\" data-id=\"8b21ae2\" data-element_type=\"column\">\n\t\t\t<div class=\"elementor-widget-wrap elementor-element-populated\">\n\t\t\t\t\t\t\t\t<div class=\"elementor-element elementor-element-d7e215b elementor-widget elementor-widget-text-editor\" data-id=\"d7e215b\" data-element_type=\"widget\" data-widget_type=\"text-editor.default\">\n\t\t\t\t<div class=\"elementor-widget-container\">\n\t\t\t\t\t\t\t<p><em><b>El Instituto de Filosof\u00eda, A.C.<\/b>\u00a0con domicilio en Camino Real a Colima No. 5160, Col. Balcones de Santa Mar\u00eda, C.P. 45606, Tlaquepaque, Jalisco, M\u00e9xico, tiene la obligaci\u00f3n de salvaguardar los datos de car\u00e1cter personal que nuestros usuarios nos proporcionen, siendo nuestra responsabilidad el buen uso y protecci\u00f3n de los mismos, ello en cumplimiento con la\u00a0<b>Ley Federal de Protecci\u00f3n de Datos Personales en Posesi\u00f3n de los Particulares,<\/b>\u00a0LFDPPP, y su Reglamento. Por lo anterior y en atenci\u00f3n a sus art\u00edculos 1, 2 y 17, pone a su disposici\u00f3n el presente\u00a0<b>AVISO DE PRIVACIDAD:<\/b><\/em><\/p>\t\t\t\t\t\t<\/div>\n\t\t\t\t<\/div>\n\t\t\t\t\t<\/div>\n\t\t<\/div>\n\t\t\t\t\t\t\t<\/div>\n\t\t<\/section>\n\t\t\t\t<section class=\"elementor-section elementor-top-section elementor-element elementor-element-22978c3 elementor-section-boxed elementor-section-height-default elementor-section-height-default\" data-id=\"22978c3\" data-element_type=\"section\">\n\t\t\t\t\t\t<div class=\"elementor-container elementor-column-gap-default\">\n\t\t\t\t\t<div class=\"elementor-column elementor-col-100 elementor-top-column elementor-element elementor-element-cdd95bd\" data-id=\"cdd95bd\" data-element_type=\"column\">\n\t\t\t<div class=\"elementor-widget-wrap elementor-element-populated\">\n\t\t\t\t\t\t\t\t<section class=\"elementor-section elementor-inner-section elementor-element elementor-element-622cf95 elementor-section-boxed elementor-section-height-default elementor-section-height-default\" data-id=\"622cf95\" data-element_type=\"section\">\n\t\t\t\t\t\t<div class=\"elementor-container elementor-column-gap-default\">\n\t\t\t\t\t<div class=\"elementor-column elementor-col-100 elementor-inner-column elementor-element elementor-element-6801348 elementor-invisible\" data-id=\"6801348\" data-element_type=\"column\" data-settings=\"{&quot;animation&quot;:&quot;fadeInLeft&quot;}\">\n\t\t\t<div class=\"elementor-widget-wrap elementor-element-populated\">\n\t\t\t\t\t\t\t\t<div class=\"elementor-element elementor-element-ea50afc elementor-widget elementor-widget-heading\" data-id=\"ea50afc\" data-element_type=\"widget\" data-widget_type=\"heading.default\">\n\t\t\t\t<div class=\"elementor-widget-container\">\n\t\t\t<h4 class=\"elementor-heading-title elementor-size-default\">Finalidad del tratamiento de datos que se solicitan:<\/h4>\t\t<\/div>\n\t\t\t\t<\/div>\n\t\t\t\t<div class=\"elementor-element elementor-element-32e9196 elementor-widget elementor-widget-text-editor\" data-id=\"32e9196\" data-element_type=\"widget\" data-widget_type=\"text-editor.default\">\n\t\t\t\t<div class=\"elementor-widget-container\">\n\t\t\t\t\t\t\t<p>El Instituto de Filosof\u00eda, A.C. es una entidad educativa de estudios superiores que contribuye a la formaci\u00f3n acad\u00e9mica y profesional de toda persona af\u00edn a sus objetivos y normatividad. La informaci\u00f3n personal que se recabe de los aspirantes a alumnos, egresados, solicitantes de empleo, proveedores de servicios o donantes, ser\u00e1 utilizada indistintamente para efectos de car\u00e1cter acad\u00e9mico o administrativo, tales como:<br>Proveerle de servicios o informaci\u00f3n, participarle sobre cambios, evaluar la calidad de los servicios que le brindamos, generar reportes con fines estad\u00edsticos que contribuyan a la planeaci\u00f3n estrat\u00e9gica y operativa de esta Instituci\u00f3n, as\u00ed como a la acreditaci\u00f3n de sus programas acad\u00e9micos. Asimismo, son indispensables para la realizaci\u00f3n de los procesos de inscripci\u00f3n, para la integraci\u00f3n de los expedientes individuales, para pagos y cobros, para la adquisici\u00f3n de bienes y servicios, para informes anuales y dem\u00e1s tr\u00e1mites y acciones necesarios para alcanzar los objetivos educativos que rigen a este Instituto.<\/p>\t\t\t\t\t\t<\/div>\n\t\t\t\t<\/div>\n\t\t\t\t\t<\/div>\n\t\t<\/div>\n\t\t\t\t\t\t\t<\/div>\n\t\t<\/section>\n\t\t\t\t<section class=\"elementor-section elementor-inner-section elementor-element elementor-element-b19baf8 elementor-section-boxed elementor-section-height-default elementor-section-height-default\" data-id=\"b19baf8\" data-element_type=\"section\">\n\t\t\t\t\t\t<div class=\"elementor-container elementor-column-gap-default\">\n\t\t\t\t\t<div class=\"elementor-column elementor-col-100 elementor-inner-column elementor-element elementor-element-adb7b90 elementor-invisible\" data-id=\"adb7b90\" data-element_type=\"column\" data-settings=\"{&quot;animation&quot;:&quot;fadeInLeft&quot;}\">\n\t\t\t<div class=\"elementor-widget-wrap elementor-element-populated\">\n\t\t\t\t\t\t\t\t<div class=\"elementor-element elementor-element-ae632b6 elementor-widget elementor-widget-heading\" data-id=\"ae632b6\" data-element_type=\"widget\" data-widget_type=\"heading.default\">\n\t\t\t\t<div class=\"elementor-widget-container\">\n\t\t\t<h4 class=\"elementor-heading-title elementor-size-default\">Datos Personales que se solicitan bajo la premisa que marca el art\u00edculo 7 de la LFDPPP:<\/h4>\t\t<\/div>\n\t\t\t\t<\/div>\n\t\t\t\t<div class=\"elementor-element elementor-element-78e764f elementor-widget elementor-widget-text-editor\" data-id=\"78e764f\" data-element_type=\"widget\" data-widget_type=\"text-editor.default\">\n\t\t\t\t<div class=\"elementor-widget-container\">\n\t\t\t\t\t\t\t<p>Para cumplir con las anteriores finalidades es necesario recabar informaci\u00f3n personal indistinta, seg\u00fan el caso, que nos permita identificarle y ubicarle, tales como nombre completo, domicilio, n\u00fameros telef\u00f3nicos, direcci\u00f3n de correo electr\u00f3nico, nombre de padres o tutores, datos de trayectoria acad\u00e9mica; RFC personas f\u00edsicas, datos fiscales personas morales.<\/p><p>Adem\u00e1s de lo mencionado anteriormente, podr\u00edamos utilizar los siguientes datos personales considerados como sensibles y que requieren de especial protecci\u00f3n: referencias personales y curr\u00edculum para contrataciones de personal, as\u00ed como datos bancarios para cuestiones de car\u00e1cter administrativo.<\/p><p>Le informamos que sus datos personales pueden ser compartidos exclusivamente dentro del pa\u00eds, con personas, empresas, organizaciones y autoridades distintas a nosotros como son:<\/p><p>&#8211; Secretar\u00eda de Educaci\u00f3n P\u00fablica: para todo tr\u00e1mite relacionado con la actividad acad\u00e9mica, conclusi\u00f3n de estudios y titulaci\u00f3n del alumnado.<\/p><p>&#8211; Instituciones Bancarias: cuando un tr\u00e1mite relacionado con proveedores de bienes y servicios as\u00ed lo requiera.<\/p><p>Se hace de su conocimiento que los datos personales recabados por el Instituto de Filosof\u00eda, A.C. son utilizados \u00fanicamente para los fines antes mencionados, y son resguardados bajo medidas de seguridad que garantizan su protecci\u00f3n, uso discreto y evitan su tratamiento no autorizado. Por su parte el usuario garantiza que los datos personales facilitados son veraces y se compromete a comunicar al mismo cualquier modificaci\u00f3n a que haya lugar.<\/p>\t\t\t\t\t\t<\/div>\n\t\t\t\t<\/div>\n\t\t\t\t\t<\/div>\n\t\t<\/div>\n\t\t\t\t\t\t\t<\/div>\n\t\t<\/section>\n\t\t\t\t<section class=\"elementor-section elementor-inner-section elementor-element elementor-element-dd3cc4c elementor-section-boxed elementor-section-height-default elementor-section-height-default\" data-id=\"dd3cc4c\" data-element_type=\"section\">\n\t\t\t\t\t\t<div class=\"elementor-container elementor-column-gap-default\">\n\t\t\t\t\t<div class=\"elementor-column elementor-col-100 elementor-inner-column elementor-element elementor-element-51191ec elementor-invisible\" data-id=\"51191ec\" data-element_type=\"column\" data-settings=\"{&quot;animation&quot;:&quot;fadeInLeft&quot;}\">\n\t\t\t<div class=\"elementor-widget-wrap elementor-element-populated\">\n\t\t\t\t\t\t\t\t<div class=\"elementor-element elementor-element-49a73d8 elementor-widget elementor-widget-heading\" data-id=\"49a73d8\" data-element_type=\"widget\" data-widget_type=\"heading.default\">\n\t\t\t\t<div class=\"elementor-widget-container\">\n\t\t\t<h4 class=\"elementor-heading-title elementor-size-default\">Grabaciones y fotograf\u00edas:<\/h4>\t\t<\/div>\n\t\t\t\t<\/div>\n\t\t\t\t<div class=\"elementor-element elementor-element-d00cbb9 elementor-widget elementor-widget-text-editor\" data-id=\"d00cbb9\" data-element_type=\"widget\" data-widget_type=\"text-editor.default\">\n\t\t\t\t<div class=\"elementor-widget-container\">\n\t\t\t\t\t\t\t<p>Adicionalmente en nuestra Instituci\u00f3n se toman fotograf\u00edas, se graban audios y videos durante los eventos que se realizan, tales como conferencias, foros, cursos, clases, eventos culturales, entre otros. Al ingresar a nuestras instalaciones usted acepta que podr\u00e1 ser fotografiado y\/o grabado, y da su consentimiento para que el Instituto pueda utilizar el material recabado para fines acad\u00e9micos o de difusi\u00f3n.<\/p><p>En el caso de que no est\u00e9 de acuerdo con el punto anterior, usted puede presentar su inconformidad mediante un escrito dirigido a esta Instituci\u00f3n, en donde manifieste su no autorizaci\u00f3n en dicho sentido.<\/p>\t\t\t\t\t\t<\/div>\n\t\t\t\t<\/div>\n\t\t\t\t\t<\/div>\n\t\t<\/div>\n\t\t\t\t\t\t\t<\/div>\n\t\t<\/section>\n\t\t\t\t<section class=\"elementor-section elementor-inner-section elementor-element elementor-element-d1bbbc8 elementor-section-boxed elementor-section-height-default elementor-section-height-default\" data-id=\"d1bbbc8\" data-element_type=\"section\">\n\t\t\t\t\t\t<div class=\"elementor-container elementor-column-gap-default\">\n\t\t\t\t\t<div class=\"elementor-column elementor-col-100 elementor-inner-column elementor-element elementor-element-7e56232 elementor-invisible\" data-id=\"7e56232\" data-element_type=\"column\" data-settings=\"{&quot;animation&quot;:&quot;fadeInLeft&quot;}\">\n\t\t\t<div class=\"elementor-widget-wrap elementor-element-populated\">\n\t\t\t\t\t\t\t\t<div class=\"elementor-element elementor-element-3ed2cd2 elementor-widget elementor-widget-heading\" data-id=\"3ed2cd2\" data-element_type=\"widget\" data-widget_type=\"heading.default\">\n\t\t\t\t<div class=\"elementor-widget-container\">\n\t\t\t<h4 class=\"elementor-heading-title elementor-size-default\">P\u00e1gina web:<\/h4>\t\t<\/div>\n\t\t\t\t<\/div>\n\t\t\t\t<div class=\"elementor-element elementor-element-99242fb elementor-widget elementor-widget-text-editor\" data-id=\"99242fb\" data-element_type=\"widget\" data-widget_type=\"text-editor.default\">\n\t\t\t\t<div class=\"elementor-widget-container\">\n\t\t\t\t\t\t\t<p>Al visitar nuestra p\u00e1gina de internet se podr\u00e1n encontrar con cookies, archivos de texto que se descargan autom\u00e1ticamente y se almacenan en el disco duro del equipo de c\u00f3mputo del usuario, lo cual permite que algunos de sus datos sean guardados en nuestro servidor. Ante esto se les hace saber que las cookies pueden ser deshabilitadas en las opciones de configuraci\u00f3n del navegador que se est\u00e9 utilizando.<\/p>\t\t\t\t\t\t<\/div>\n\t\t\t\t<\/div>\n\t\t\t\t\t<\/div>\n\t\t<\/div>\n\t\t\t\t\t\t\t<\/div>\n\t\t<\/section>\n\t\t\t\t<section class=\"elementor-section elementor-inner-section elementor-element elementor-element-ee20309 elementor-section-boxed elementor-section-height-default elementor-section-height-default\" data-id=\"ee20309\" data-element_type=\"section\">\n\t\t\t\t\t\t<div class=\"elementor-container elementor-column-gap-default\">\n\t\t\t\t\t<div class=\"elementor-column elementor-col-100 elementor-inner-column elementor-element elementor-element-03ff52a elementor-invisible\" data-id=\"03ff52a\" data-element_type=\"column\" data-settings=\"{&quot;animation&quot;:&quot;fadeInLeft&quot;}\">\n\t\t\t<div class=\"elementor-widget-wrap elementor-element-populated\">\n\t\t\t\t\t\t\t\t<div class=\"elementor-element elementor-element-dcae186 elementor-widget elementor-widget-heading\" data-id=\"dcae186\" data-element_type=\"widget\" data-widget_type=\"heading.default\">\n\t\t\t\t<div class=\"elementor-widget-container\">\n\t\t\t<h4 class=\"elementor-heading-title elementor-size-default\">Derechos ARCO:<\/h4>\t\t<\/div>\n\t\t\t\t<\/div>\n\t\t\t\t<div class=\"elementor-element elementor-element-a6632ef elementor-widget elementor-widget-text-editor\" data-id=\"a6632ef\" data-element_type=\"widget\" data-widget_type=\"text-editor.default\">\n\t\t\t\t<div class=\"elementor-widget-container\">\n\t\t\t\t\t\t\t<p>Usted como titular de los datos personales que recabamos puede ejercer su derecho de acceso a los mismos y conocer ampliamente para qu\u00e9 los utilizamos y las condiciones de su uso, pudiendo proceder a su rectificaci\u00f3n, cancelaci\u00f3n u oposici\u00f3n de acuerdo a sus derechos ARCO que consagra la Ley que nos ocupa. Para el ejercicio de los derechos que le brinda la Ley puede consultar la p\u00e1gina de Instituto Nacional de Transparencia, Acceso a la Informaci\u00f3n y Protecci\u00f3n de Datos Personales en www.inai.org.mx<\/p><p>De acuerdo a la facultad que la autoridad competente nos concede, este Aviso de Privacidad puede sufrir cambios o modificaciones derivadas de nuevos requerimientos o procedimientos y de acuerdo a nuestras propias necesidades, por lo que nos comprometemos a mantenerlo debidamente informado sobre cualquier actualizaci\u00f3n a trav\u00e9s de un aviso por correo electr\u00f3nico, o bien podr\u00e1 consultarla en nuestra p\u00e1gina web: www.if.edu.mx<\/p><p>La fecha de actualizaci\u00f3n del presente <strong>AVISO DE PRIVACIDAD<\/strong> fue el 16 de diciembre del a\u00f1o 2023.<\/p>\t\t\t\t\t\t<\/div>\n\t\t\t\t<\/div>\n\t\t\t\t\t<\/div>\n\t\t<\/div>\n\t\t\t\t\t\t\t<\/div>\n\t\t<\/section>\n\t\t\t\t\t<\/div>\n\t\t<\/div>\n\t\t\t\t\t\t\t<\/div>\n\t\t<\/section>\n\t\t\t\t\t\t\t<\/div>\n\t\t","protected":false},"excerpt":{"rendered":"<p>Con reconocimiento de validez oficial de estudios No. 2002467 otorgado por la S.E.P. el 22 de diciembre del 2000. El Instituto de Filosof\u00eda, A.C.\u00a0con domicilio en Camino Real a Colima No. 5160, Col. Balcones de Santa Mar\u00eda, C.P. 45606, Tlaquepaque, Jalisco, M\u00e9xico, tiene la obligaci\u00f3n de salvaguardar los datos de car\u00e1cter personal que nuestros usuarios [&hellip;]<\/p>\n","protected":false},"author":1,"featured_media":763,"parent":0,"menu_order":0,"comment_status":"closed","ping_status":"closed","template":"","meta":{"footnotes":""},"class_list":["post-3639","page","type-page","status-publish","has-post-thumbnail","hentry"],"yoast_head":"<!-- This site is optimized with the Yoast SEO plugin v19.5.1 - https:\/\/yoast.com\/wordpress\/plugins\/seo\/ -->\n<title>AVISO DE PRIVACIDAD - Instituto de filosofia<\/title>\n<meta name=\"robots\" content=\"index, follow, max-snippet:-1, max-image-preview:large, max-video-preview:-1\" \/>\n<link rel=\"canonical\" href=\"https:\/\/if.edu.mx\/index.php\/aviso-de-privacidad\/\" \/>\n<meta property=\"og:locale\" content=\"es_ES\" \/>\n<meta property=\"og:type\" content=\"article\" \/>\n<meta property=\"og:title\" content=\"AVISO DE PRIVACIDAD - Instituto de filosofia\" \/>\n<meta property=\"og:description\" content=\"Con reconocimiento de validez oficial de estudios No. 2002467 otorgado por la S.E.P. el 22 de diciembre del 2000. El Instituto de Filosof\u00eda, A.C.\u00a0con domicilio en Camino Real a Colima No. 5160, Col. Balcones de Santa Mar\u00eda, C.P. 45606, Tlaquepaque, Jalisco, M\u00e9xico, tiene la obligaci\u00f3n de salvaguardar los datos de car\u00e1cter personal que nuestros usuarios [&hellip;]\" \/>\n<meta property=\"og:url\" content=\"https:\/\/if.edu.mx\/index.php\/aviso-de-privacidad\/\" \/>\n<meta property=\"og:site_name\" content=\"Instituto de filosofia\" \/>\n<meta property=\"article:modified_time\" content=\"2025-07-01T19:49:24+00:00\" \/>\n<meta property=\"og:image\" content=\"https:\/\/if.edu.mx\/wp-content\/uploads\/2022\/06\/Formacion.jpg\" \/>\n\t<meta property=\"og:image:width\" content=\"1920\" \/>\n\t<meta property=\"og:image:height\" content=\"300\" \/>\n\t<meta property=\"og:image:type\" content=\"image\/jpeg\" \/>\n<meta name=\"twitter:card\" content=\"summary_large_image\" \/>\n<meta name=\"twitter:label1\" content=\"Tiempo de lectura\" \/>\n\t<meta name=\"twitter:data1\" content=\"4 minutos\" \/>\n<script type=\"application\/ld+json\" class=\"yoast-schema-graph\">{\"@context\":\"https:\/\/schema.org\",\"@graph\":[{\"@type\":\"WebPage\",\"@id\":\"https:\/\/if.edu.mx\/index.php\/aviso-de-privacidad\/\",\"url\":\"https:\/\/if.edu.mx\/index.php\/aviso-de-privacidad\/\",\"name\":\"AVISO DE PRIVACIDAD - Instituto de filosofia\",\"isPartOf\":{\"@id\":\"https:\/\/if.edu.mx\/#website\"},\"datePublished\":\"2023-05-16T15:27:50+00:00\",\"dateModified\":\"2025-07-01T19:49:24+00:00\",\"breadcrumb\":{\"@id\":\"https:\/\/if.edu.mx\/index.php\/aviso-de-privacidad\/#breadcrumb\"},\"inLanguage\":\"es\",\"potentialAction\":[{\"@type\":\"ReadAction\",\"target\":[\"https:\/\/if.edu.mx\/index.php\/aviso-de-privacidad\/\"]}]},{\"@type\":\"BreadcrumbList\",\"@id\":\"https:\/\/if.edu.mx\/index.php\/aviso-de-privacidad\/#breadcrumb\",\"itemListElement\":[{\"@type\":\"ListItem\",\"position\":1,\"name\":\"Portada\",\"item\":\"https:\/\/if.edu.mx\/\"},{\"@type\":\"ListItem\",\"position\":2,\"name\":\"AVISO DE PRIVACIDAD\"}]},{\"@type\":\"WebSite\",\"@id\":\"https:\/\/if.edu.mx\/#website\",\"url\":\"https:\/\/if.edu.mx\/\",\"name\":\"Instituto de filosofia\",\"description\":\"Dialogar para construir\u2026una filosof\u00eda para la vida\",\"potentialAction\":[{\"@type\":\"SearchAction\",\"target\":{\"@type\":\"EntryPoint\",\"urlTemplate\":\"https:\/\/if.edu.mx\/?s={search_term_string}\"},\"query-input\":\"required name=search_term_string\"}],\"inLanguage\":\"es\"}]}<\/script>\n<!-- \/ Yoast SEO plugin. -->","yoast_head_json":{"title":"AVISO DE PRIVACIDAD - Instituto de filosofia","robots":{"index":"index","follow":"follow","max-snippet":"max-snippet:-1","max-image-preview":"max-image-preview:large","max-video-preview":"max-video-preview:-1"},"canonical":"https:\/\/if.edu.mx\/index.php\/aviso-de-privacidad\/","og_locale":"es_ES","og_type":"article","og_title":"AVISO DE PRIVACIDAD - Instituto de filosofia","og_description":"Con reconocimiento de validez oficial de estudios No. 2002467 otorgado por la S.E.P. el 22 de diciembre del 2000. El Instituto de Filosof\u00eda, A.C.\u00a0con domicilio en Camino Real a Colima No. 5160, Col. Balcones de Santa Mar\u00eda, C.P. 45606, Tlaquepaque, Jalisco, M\u00e9xico, tiene la obligaci\u00f3n de salvaguardar los datos de car\u00e1cter personal que nuestros usuarios [&hellip;]","og_url":"https:\/\/if.edu.mx\/index.php\/aviso-de-privacidad\/","og_site_name":"Instituto de filosofia","article_modified_time":"2025-07-01T19:49:24+00:00","og_image":[{"width":1920,"height":300,"url":"https:\/\/if.edu.mx\/wp-content\/uploads\/2022\/06\/Formacion.jpg","type":"image\/jpeg"}],"twitter_card":"summary_large_image","twitter_misc":{"Tiempo de lectura":"4 minutos"},"schema":{"@context":"https:\/\/schema.org","@graph":[{"@type":"WebPage","@id":"https:\/\/if.edu.mx\/index.php\/aviso-de-privacidad\/","url":"https:\/\/if.edu.mx\/index.php\/aviso-de-privacidad\/","name":"AVISO DE PRIVACIDAD - Instituto de filosofia","isPartOf":{"@id":"https:\/\/if.edu.mx\/#website"},"datePublished":"2023-05-16T15:27:50+00:00","dateModified":"2025-07-01T19:49:24+00:00","breadcrumb":{"@id":"https:\/\/if.edu.mx\/index.php\/aviso-de-privacidad\/#breadcrumb"},"inLanguage":"es","potentialAction":[{"@type":"ReadAction","target":["https:\/\/if.edu.mx\/index.php\/aviso-de-privacidad\/"]}]},{"@type":"BreadcrumbList","@id":"https:\/\/if.edu.mx\/index.php\/aviso-de-privacidad\/#breadcrumb","itemListElement":[{"@type":"ListItem","position":1,"name":"Portada","item":"https:\/\/if.edu.mx\/"},{"@type":"ListItem","position":2,"name":"AVISO DE PRIVACIDAD"}]},{"@type":"WebSite","@id":"https:\/\/if.edu.mx\/#website","url":"https:\/\/if.edu.mx\/","name":"Instituto de filosofia","description":"Dialogar para construir\u2026una filosof\u00eda para la vida","potentialAction":[{"@type":"SearchAction","target":{"@type":"EntryPoint","urlTemplate":"https:\/\/if.edu.mx\/?s={search_term_string}"},"query-input":"required name=search_term_string"}],"inLanguage":"es"}]}},"_links":{"self":[{"href":"https:\/\/if.edu.mx\/index.php\/wp-json\/wp\/v2\/pages\/3639","targetHints":{"allow":["GET"]}}],"collection":[{"href":"https:\/\/if.edu.mx\/index.php\/wp-json\/wp\/v2\/pages"}],"about":[{"href":"https:\/\/if.edu.mx\/index.php\/wp-json\/wp\/v2\/types\/page"}],"author":[{"embeddable":true,"href":"https:\/\/if.edu.mx\/index.php\/wp-json\/wp\/v2\/users\/1"}],"replies":[{"embeddable":true,"href":"https:\/\/if.edu.mx\/index.php\/wp-json\/wp\/v2\/comments?post=3639"}],"version-history":[{"count":34,"href":"https:\/\/if.edu.mx\/index.php\/wp-json\/wp\/v2\/pages\/3639\/revisions"}],"predecessor-version":[{"id":5953,"href":"https:\/\/if.edu.mx\/index.php\/wp-json\/wp\/v2\/pages\/3639\/revisions\/5953"}],"wp:featuredmedia":[{"embeddable":true,"href":"https:\/\/if.edu.mx\/index.php\/wp-json\/wp\/v2\/media\/763"}],"wp:attachment":[{"href":"https:\/\/if.edu.mx\/index.php\/wp-json\/wp\/v2\/media?parent=3639"}],"curies":[{"name":"wp","href":"https:\/\/api.w.org\/{rel}","templated":true}]}}