{"id":292,"date":"2022-06-11T23:15:20","date_gmt":"2022-06-11T23:15:20","guid":{"rendered":"https:\/\/if.edu.mx\/desing\/?page_id=292"},"modified":"2022-08-07T14:38:27","modified_gmt":"2022-08-07T14:38:27","slug":"licenciatura","status":"publish","type":"page","link":"https:\/\/if.edu.mx\/index.php\/licenciatura\/","title":{"rendered":"Licenciatura"},"content":{"rendered":"\t\t<div data-elementor-type=\"wp-page\" data-elementor-id=\"292\" class=\"elementor elementor-292\">\n\t\t\t\t\t\t\t\t\t<section class=\"elementor-section elementor-top-section elementor-element elementor-element-62cf4e56 elementor-section-height-min-height elementor-section-content-middle elementor-section-boxed elementor-section-height-default elementor-section-items-middle\" data-id=\"62cf4e56\" data-element_type=\"section\" data-settings=\"{&quot;background_background&quot;:&quot;classic&quot;}\">\n\t\t\t\t\t\t\t<div class=\"elementor-background-overlay\"><\/div>\n\t\t\t\t\t\t\t<div class=\"elementor-container elementor-column-gap-default\">\n\t\t\t\t\t<div class=\"elementor-column elementor-col-100 elementor-top-column elementor-element elementor-element-401e1294\" data-id=\"401e1294\" data-element_type=\"column\">\n\t\t\t<div class=\"elementor-widget-wrap elementor-element-populated\">\n\t\t\t\t\t\t\t\t<section class=\"elementor-section elementor-inner-section elementor-element elementor-element-25fe9dbf elementor-section-boxed elementor-section-height-default elementor-section-height-default\" data-id=\"25fe9dbf\" data-element_type=\"section\">\n\t\t\t\t\t\t<div class=\"elementor-container elementor-column-gap-default\">\n\t\t\t\t\t<div class=\"elementor-column elementor-col-100 elementor-inner-column elementor-element elementor-element-14e2d67d\" data-id=\"14e2d67d\" data-element_type=\"column\">\n\t\t\t<div class=\"elementor-widget-wrap elementor-element-populated\">\n\t\t\t\t\t\t\t\t<div class=\"elementor-element elementor-element-1b4d01e6 elementor-widget elementor-widget-heading\" data-id=\"1b4d01e6\" data-element_type=\"widget\" data-widget_type=\"heading.default\">\n\t\t\t\t<div class=\"elementor-widget-container\">\n\t\t\t<style>\/*! elementor - v3.7.1 - 14-08-2022 *\/\n.elementor-heading-title{padding:0;margin:0;line-height:1}.elementor-widget-heading .elementor-heading-title[class*=elementor-size-]>a{color:inherit;font-size:inherit;line-height:inherit}.elementor-widget-heading .elementor-heading-title.elementor-size-small{font-size:15px}.elementor-widget-heading .elementor-heading-title.elementor-size-medium{font-size:19px}.elementor-widget-heading .elementor-heading-title.elementor-size-large{font-size:29px}.elementor-widget-heading .elementor-heading-title.elementor-size-xl{font-size:39px}.elementor-widget-heading .elementor-heading-title.elementor-size-xxl{font-size:59px}<\/style><h2 class=\"elementor-heading-title elementor-size-default\">Licenciatura<\/h2>\t\t<\/div>\n\t\t\t\t<\/div>\n\t\t\t\t\t<\/div>\n\t\t<\/div>\n\t\t\t\t\t\t\t<\/div>\n\t\t<\/section>\n\t\t\t\t<section class=\"elementor-section elementor-inner-section elementor-element elementor-element-151ddb9f elementor-section-boxed elementor-section-height-default elementor-section-height-default\" data-id=\"151ddb9f\" data-element_type=\"section\">\n\t\t\t\t\t\t<div class=\"elementor-container elementor-column-gap-default\">\n\t\t\t\t\t<div class=\"elementor-column elementor-col-100 elementor-inner-column elementor-element elementor-element-f8c9dc5\" data-id=\"f8c9dc5\" data-element_type=\"column\">\n\t\t\t<div class=\"elementor-widget-wrap elementor-element-populated\">\n\t\t\t\t\t\t\t\t<div class=\"elementor-element elementor-element-94e5ab9 elementor-widget elementor-widget-text-editor\" data-id=\"94e5ab9\" data-element_type=\"widget\" data-widget_type=\"text-editor.default\">\n\t\t\t\t<div class=\"elementor-widget-container\">\n\t\t\t<style>\/*! elementor - v3.7.1 - 14-08-2022 *\/\n.elementor-widget-text-editor.elementor-drop-cap-view-stacked .elementor-drop-cap{background-color:#818a91;color:#fff}.elementor-widget-text-editor.elementor-drop-cap-view-framed .elementor-drop-cap{color:#818a91;border:3px solid;background-color:transparent}.elementor-widget-text-editor:not(.elementor-drop-cap-view-default) .elementor-drop-cap{margin-top:8px}.elementor-widget-text-editor:not(.elementor-drop-cap-view-default) .elementor-drop-cap-letter{width:1em;height:1em}.elementor-widget-text-editor .elementor-drop-cap{float:left;text-align:center;line-height:1;font-size:50px}.elementor-widget-text-editor .elementor-drop-cap-letter{display:inline-block}<\/style>\t\t\t\t<p><span style=\"color: #ffffff;\">Licenciatura a Distancia y Presencial.<\/span><\/p>\t\t\t\t\t\t<\/div>\n\t\t\t\t<\/div>\n\t\t\t\t\t<\/div>\n\t\t<\/div>\n\t\t\t\t\t\t\t<\/div>\n\t\t<\/section>\n\t\t\t\t\t<\/div>\n\t\t<\/div>\n\t\t\t\t\t\t\t<\/div>\n\t\t<\/section>\n\t\t\t\t<section class=\"elementor-section elementor-top-section elementor-element elementor-element-dfea6d2 elementor-section-boxed elementor-section-height-default elementor-section-height-default\" data-id=\"dfea6d2\" data-element_type=\"section\">\n\t\t\t\t\t\t<div class=\"elementor-container elementor-column-gap-default\">\n\t\t\t\t\t<div class=\"elementor-column elementor-col-100 elementor-top-column elementor-element elementor-element-39620bd\" data-id=\"39620bd\" data-element_type=\"column\">\n\t\t\t<div class=\"elementor-widget-wrap elementor-element-populated\">\n\t\t\t\t\t\t\t\t<div class=\"elementor-element elementor-element-ad0a0b1 elementor-grid-3 elementor-grid-tablet-2 elementor-grid-mobile-1 elementor-posts--thumbnail-top elementor-card-shadow-yes elementor-posts__hover-gradient elementor-widget elementor-widget-posts\" data-id=\"ad0a0b1\" data-element_type=\"widget\" data-settings=\"{&quot;cards_columns&quot;:&quot;3&quot;,&quot;cards_columns_tablet&quot;:&quot;2&quot;,&quot;cards_columns_mobile&quot;:&quot;1&quot;,&quot;cards_row_gap&quot;:{&quot;unit&quot;:&quot;px&quot;,&quot;size&quot;:35,&quot;sizes&quot;:[]},&quot;cards_row_gap_tablet&quot;:{&quot;unit&quot;:&quot;px&quot;,&quot;size&quot;:&quot;&quot;,&quot;sizes&quot;:[]},&quot;cards_row_gap_mobile&quot;:{&quot;unit&quot;:&quot;px&quot;,&quot;size&quot;:&quot;&quot;,&quot;sizes&quot;:[]}}\" data-widget_type=\"posts.cards\">\n\t\t\t\t<div class=\"elementor-widget-container\">\n\t\t\t<link rel=\"stylesheet\" href=\"https:\/\/if.edu.mx\/wp-content\/plugins\/pro-elements\/assets\/css\/widget-posts.min.css\">\t\t<div class=\"elementor-posts-container elementor-posts elementor-posts--skin-cards elementor-grid\">\n\t\t\t\t<article class=\"elementor-post elementor-grid-item post-7006 post type-post status-publish format-standard has-post-thumbnail hentry category-cursos category-novedades\">\n\t\t\t<div class=\"elementor-post__card\">\n\t\t\t\t<a class=\"elementor-post__thumbnail__link\" href=\"https:\/\/if.edu.mx\/index.php\/2026\/03\/26\/taller-buscadores-de-sentido-el-dolor-cronico-en-la-vida-laical-el-clero-y-la-vida-consagrada-inicio-16-de-abril-del-2026-13-sesiones-a-distancia\/\" ><div class=\"elementor-post__thumbnail\"><img loading=\"lazy\" decoding=\"async\" width=\"300\" height=\"214\" src=\"https:\/\/if.edu.mx\/wp-content\/uploads\/2026\/03\/Miniatura-Taller-Buscadores-de-Sentido_Mesa-de-trabajo-1-300x214.jpg\" class=\"attachment-medium size-medium\" alt=\"\" srcset=\"https:\/\/if.edu.mx\/wp-content\/uploads\/2026\/03\/Miniatura-Taller-Buscadores-de-Sentido_Mesa-de-trabajo-1-300x214.jpg 300w, https:\/\/if.edu.mx\/wp-content\/uploads\/2026\/03\/Miniatura-Taller-Buscadores-de-Sentido_Mesa-de-trabajo-1-1024x732.jpg 1024w, https:\/\/if.edu.mx\/wp-content\/uploads\/2026\/03\/Miniatura-Taller-Buscadores-de-Sentido_Mesa-de-trabajo-1-768x549.jpg 768w, https:\/\/if.edu.mx\/wp-content\/uploads\/2026\/03\/Miniatura-Taller-Buscadores-de-Sentido_Mesa-de-trabajo-1.jpg 1458w\" sizes=\"auto, (max-width: 300px) 100vw, 300px\" \/><\/div><\/a>\n\t\t\t\t<div class=\"elementor-post__badge\">Cursos<\/div>\n\t\t\t\t<div class=\"elementor-post__text\">\n\t\t\t\t<h3 class=\"elementor-post__title\">\n\t\t\t<a href=\"https:\/\/if.edu.mx\/index.php\/2026\/03\/26\/taller-buscadores-de-sentido-el-dolor-cronico-en-la-vida-laical-el-clero-y-la-vida-consagrada-inicio-16-de-abril-del-2026-13-sesiones-a-distancia\/\" >\n\t\t\t\tTaller: Buscadores de sentido, el dolor cr\u00f3nico en la vida laical, el clero y la vida consagrada (inicio: 16 de abril del 2026) (13 sesiones) (A distancia)\t\t\t<\/a>\n\t\t<\/h3>\n\t\t\t\t<div class=\"elementor-post__excerpt\">\n\t\t\t<p>Acompa\u00f1ar un proceso formativo y psico &#8211; espiritual que permita integrar el dolor cr\u00f3nico &#8211; f\u00edsico, emocional y existencial en la historia personal, la vocaci\u00f3n y la misi\u00f3n&#8230;<\/p>\n\t\t<\/div>\n\t\t\t\t<\/div>\n\t\t\t\t<div class=\"elementor-post__meta-data\">\n\t\t\t\t\t<span class=\"elementor-post-date\">\n\t\t\tmarzo 26, 2026\t\t<\/span>\n\t\t\t\t<span class=\"elementor-post-avatar\">\n\t\t\tNo hay comentarios\t\t<\/span>\n\t\t\t\t<\/div>\n\t\t\t\t\t<\/div>\n\t\t<\/article>\n\t\t\t\t<article class=\"elementor-post elementor-grid-item post-6951 post type-post status-publish format-standard has-post-thumbnail hentry category-cursos category-novedades\">\n\t\t\t<div class=\"elementor-post__card\">\n\t\t\t\t<a class=\"elementor-post__thumbnail__link\" href=\"https:\/\/if.edu.mx\/index.php\/2026\/03\/12\/diplomado-en-bioetica-temas-y-debates-contemporaneos-inicio-29-de-mayo-a-distancia\/\" ><div class=\"elementor-post__thumbnail\"><img loading=\"lazy\" decoding=\"async\" width=\"300\" height=\"214\" src=\"https:\/\/if.edu.mx\/wp-content\/uploads\/2026\/03\/Miniatura-Dip.-Bioetica_Mesa-de-trabajo-1-300x214.jpg\" class=\"attachment-medium size-medium\" alt=\"\" srcset=\"https:\/\/if.edu.mx\/wp-content\/uploads\/2026\/03\/Miniatura-Dip.-Bioetica_Mesa-de-trabajo-1-300x214.jpg 300w, https:\/\/if.edu.mx\/wp-content\/uploads\/2026\/03\/Miniatura-Dip.-Bioetica_Mesa-de-trabajo-1-1024x732.jpg 1024w, https:\/\/if.edu.mx\/wp-content\/uploads\/2026\/03\/Miniatura-Dip.-Bioetica_Mesa-de-trabajo-1-768x549.jpg 768w, https:\/\/if.edu.mx\/wp-content\/uploads\/2026\/03\/Miniatura-Dip.-Bioetica_Mesa-de-trabajo-1.jpg 1458w\" sizes=\"auto, (max-width: 300px) 100vw, 300px\" \/><\/div><\/a>\n\t\t\t\t<div class=\"elementor-post__badge\">Cursos<\/div>\n\t\t\t\t<div class=\"elementor-post__text\">\n\t\t\t\t<h3 class=\"elementor-post__title\">\n\t\t\t<a href=\"https:\/\/if.edu.mx\/index.php\/2026\/03\/12\/diplomado-en-bioetica-temas-y-debates-contemporaneos-inicio-29-de-mayo-a-distancia\/\" >\n\t\t\t\tDiplomado en Bio\u00e9tica, Temas y Debates Contempor\u00e1neos (Inicio: 29 de mayo del 2026) (A distancia)\t\t\t<\/a>\n\t\t<\/h3>\n\t\t\t\t<div class=\"elementor-post__excerpt\">\n\t\t\t<p>Los avances cient\u00edficos, m\u00e9dicos y tecnol\u00f3gicos plantean preguntas profundas sobre la vida, la dignidad humana, la naturaleza y el futuro de nuestras sociedades. La bio\u00e9tica se ha convertido en un espacio fundamental para reflexionar cr\u00edticamente sobre estos desaf\u00edos&#8230;<\/p>\n\t\t<\/div>\n\t\t\t\t<\/div>\n\t\t\t\t<div class=\"elementor-post__meta-data\">\n\t\t\t\t\t<span class=\"elementor-post-date\">\n\t\t\tmarzo 12, 2026\t\t<\/span>\n\t\t\t\t<span class=\"elementor-post-avatar\">\n\t\t\tNo hay comentarios\t\t<\/span>\n\t\t\t\t<\/div>\n\t\t\t\t\t<\/div>\n\t\t<\/article>\n\t\t\t\t<article class=\"elementor-post elementor-grid-item post-6915 post type-post status-publish format-standard has-post-thumbnail hentry category-cursos category-novedades\">\n\t\t\t<div class=\"elementor-post__card\">\n\t\t\t\t<a class=\"elementor-post__thumbnail__link\" href=\"https:\/\/if.edu.mx\/index.php\/2026\/03\/12\/diplomado-en-comprensiones-del-cuerpo-afectividad-sexualidad-y-espiritualidad-28-de-mayo-al-24-de-octubre-hibrido\/\" ><div class=\"elementor-post__thumbnail\"><img loading=\"lazy\" decoding=\"async\" width=\"300\" height=\"214\" src=\"https:\/\/if.edu.mx\/wp-content\/uploads\/2026\/03\/Miniatura-Dip.-Comprension-del-Cuerpo_Mesa-de-trabajo-1-300x214.jpg\" class=\"attachment-medium size-medium\" alt=\"\" srcset=\"https:\/\/if.edu.mx\/wp-content\/uploads\/2026\/03\/Miniatura-Dip.-Comprension-del-Cuerpo_Mesa-de-trabajo-1-300x214.jpg 300w, https:\/\/if.edu.mx\/wp-content\/uploads\/2026\/03\/Miniatura-Dip.-Comprension-del-Cuerpo_Mesa-de-trabajo-1-1024x732.jpg 1024w, https:\/\/if.edu.mx\/wp-content\/uploads\/2026\/03\/Miniatura-Dip.-Comprension-del-Cuerpo_Mesa-de-trabajo-1-768x549.jpg 768w, https:\/\/if.edu.mx\/wp-content\/uploads\/2026\/03\/Miniatura-Dip.-Comprension-del-Cuerpo_Mesa-de-trabajo-1.jpg 1458w\" sizes=\"auto, (max-width: 300px) 100vw, 300px\" \/><\/div><\/a>\n\t\t\t\t<div class=\"elementor-post__badge\">Cursos<\/div>\n\t\t\t\t<div class=\"elementor-post__text\">\n\t\t\t\t<h3 class=\"elementor-post__title\">\n\t\t\t<a href=\"https:\/\/if.edu.mx\/index.php\/2026\/03\/12\/diplomado-en-comprensiones-del-cuerpo-afectividad-sexualidad-y-espiritualidad-28-de-mayo-al-24-de-octubre-hibrido\/\" >\n\t\t\t\tDiplomado en Comprensiones del Cuerpo&#8230;Afectividad, Sexualidad y Espiritualidad (28 de mayo al 24 de octubre del 2026) (H\u00edbrido)\t\t\t<\/a>\n\t\t<\/h3>\n\t\t\t\t<div class=\"elementor-post__excerpt\">\n\t\t\t<p>A trav\u00e9s de este Diplomado articulamos una reflexi\u00f3n responsable, interdisciplinaria, y filos\u00f3ficamente fundada, que recupera la densidad conceptual del cuerpo como espacio de experiencia, de la afectividad, de la sexualidad como estructura fundamental del sujeto y de la espiritualidad como pr\u00e1ctica de transformaci\u00f3n&#8230;<\/p>\n\t\t<\/div>\n\t\t\t\t<\/div>\n\t\t\t\t<div class=\"elementor-post__meta-data\">\n\t\t\t\t\t<span class=\"elementor-post-date\">\n\t\t\tmarzo 12, 2026\t\t<\/span>\n\t\t\t\t<span class=\"elementor-post-avatar\">\n\t\t\tNo hay comentarios\t\t<\/span>\n\t\t\t\t<\/div>\n\t\t\t\t\t<\/div>\n\t\t<\/article>\n\t\t\t\t<article class=\"elementor-post elementor-grid-item post-6828 post type-post status-publish format-standard has-post-thumbnail hentry category-novedades\">\n\t\t\t<div class=\"elementor-post__card\">\n\t\t\t\t<a class=\"elementor-post__thumbnail__link\" href=\"https:\/\/if.edu.mx\/index.php\/2026\/03\/03\/testimonio-hno-anthony-enrique-portillo-portillo-rcj\/\" ><div class=\"elementor-post__thumbnail\"><img loading=\"lazy\" decoding=\"async\" width=\"300\" height=\"225\" src=\"https:\/\/if.edu.mx\/wp-content\/uploads\/2026\/03\/WhatsApp-Image-2026-03-03-at-1.10.18-PM-300x225.jpeg\" class=\"attachment-medium size-medium\" alt=\"\" srcset=\"https:\/\/if.edu.mx\/wp-content\/uploads\/2026\/03\/WhatsApp-Image-2026-03-03-at-1.10.18-PM-300x225.jpeg 300w, https:\/\/if.edu.mx\/wp-content\/uploads\/2026\/03\/WhatsApp-Image-2026-03-03-at-1.10.18-PM-1024x768.jpeg 1024w, https:\/\/if.edu.mx\/wp-content\/uploads\/2026\/03\/WhatsApp-Image-2026-03-03-at-1.10.18-PM-768x576.jpeg 768w, https:\/\/if.edu.mx\/wp-content\/uploads\/2026\/03\/WhatsApp-Image-2026-03-03-at-1.10.18-PM-1536x1152.jpeg 1536w, https:\/\/if.edu.mx\/wp-content\/uploads\/2026\/03\/WhatsApp-Image-2026-03-03-at-1.10.18-PM.jpeg 1600w\" sizes=\"auto, (max-width: 300px) 100vw, 300px\" \/><\/div><\/a>\n\t\t\t\t<div class=\"elementor-post__badge\">Novedades<\/div>\n\t\t\t\t<div class=\"elementor-post__text\">\n\t\t\t\t<h3 class=\"elementor-post__title\">\n\t\t\t<a href=\"https:\/\/if.edu.mx\/index.php\/2026\/03\/03\/testimonio-hno-anthony-enrique-portillo-portillo-rcj\/\" >\n\t\t\t\tTestimonio: Hno. Anthony Enrique Portillo Portillo RCJ.\t\t\t<\/a>\n\t\t<\/h3>\n\t\t\t\t<div class=\"elementor-post__excerpt\">\n\t\t\t<p>Conoce el testimonio de uno de nuestros estudiantes de la Licenciatura en Filosof\u00eda Presencial. Anthony comparte su recorrido humano y acad\u00e9mico, as\u00ed como su experiencia en distintos pa\u00edses&#8230;<\/p>\n\t\t<\/div>\n\t\t\t\t<\/div>\n\t\t\t\t<div class=\"elementor-post__meta-data\">\n\t\t\t\t\t<span class=\"elementor-post-date\">\n\t\t\tmarzo 3, 2026\t\t<\/span>\n\t\t\t\t<span class=\"elementor-post-avatar\">\n\t\t\tNo hay comentarios\t\t<\/span>\n\t\t\t\t<\/div>\n\t\t\t\t\t<\/div>\n\t\t<\/article>\n\t\t\t\t<article class=\"elementor-post elementor-grid-item post-5768 post type-post status-publish format-standard has-post-thumbnail hentry category-cursos category-novedades\">\n\t\t\t<div class=\"elementor-post__card\">\n\t\t\t\t<a class=\"elementor-post__thumbnail__link\" href=\"https:\/\/if.edu.mx\/index.php\/2026\/01\/05\/taller-cables-cruzados-y-puentes-fuertes-conectando-con-nuestros-adolescentes-14-y-28-de-marzo-de-2026-adistancia\/\" ><div class=\"elementor-post__thumbnail\"><img loading=\"lazy\" decoding=\"async\" width=\"300\" height=\"214\" src=\"https:\/\/if.edu.mx\/wp-content\/uploads\/2025\/05\/MiniaturaAdolescentes_Mesa-de-trabajo-1-1-300x214.jpg\" class=\"attachment-medium size-medium\" alt=\"\" srcset=\"https:\/\/if.edu.mx\/wp-content\/uploads\/2025\/05\/MiniaturaAdolescentes_Mesa-de-trabajo-1-1-300x214.jpg 300w, https:\/\/if.edu.mx\/wp-content\/uploads\/2025\/05\/MiniaturaAdolescentes_Mesa-de-trabajo-1-1-1024x732.jpg 1024w, https:\/\/if.edu.mx\/wp-content\/uploads\/2025\/05\/MiniaturaAdolescentes_Mesa-de-trabajo-1-1-768x549.jpg 768w, https:\/\/if.edu.mx\/wp-content\/uploads\/2025\/05\/MiniaturaAdolescentes_Mesa-de-trabajo-1-1.jpg 1458w\" sizes=\"auto, (max-width: 300px) 100vw, 300px\" \/><\/div><\/a>\n\t\t\t\t<div class=\"elementor-post__badge\">Cursos<\/div>\n\t\t\t\t<div class=\"elementor-post__text\">\n\t\t\t\t<h3 class=\"elementor-post__title\">\n\t\t\t<a href=\"https:\/\/if.edu.mx\/index.php\/2026\/01\/05\/taller-cables-cruzados-y-puentes-fuertes-conectando-con-nuestros-adolescentes-14-y-28-de-marzo-de-2026-adistancia\/\" >\n\t\t\t\tTaller: Cables Cruzados y Puentes Fuertes: Conectando con Nuestros Adolescentes (14 y 28 de marzo de 2026) (A distancia).\t\t\t<\/a>\n\t\t<\/h3>\n\t\t\t\t<div class=\"elementor-post__excerpt\">\n\t\t\t<p>Acompa\u00f1ando a nuestros adolescentes est\u00e1 dirigido a todas las personas que trabajan con adolescentes y desean comprender mejor sus procesos y fortalecer la comunicaci\u00f3n. Ofrece herramientas para generar v\u00ednculos m\u00e1s cercanos, emp\u00e1ticos y conscientes, que favorezcan un mejor acompa\u00f1amiento y relaciones m\u00e1s significativas&#8230;<\/p>\n\t\t<\/div>\n\t\t\t\t<\/div>\n\t\t\t\t<div class=\"elementor-post__meta-data\">\n\t\t\t\t\t<span class=\"elementor-post-date\">\n\t\t\tenero 5, 2026\t\t<\/span>\n\t\t\t\t<span class=\"elementor-post-avatar\">\n\t\t\tNo hay comentarios\t\t<\/span>\n\t\t\t\t<\/div>\n\t\t\t\t\t<\/div>\n\t\t<\/article>\n\t\t\t\t<article class=\"elementor-post elementor-grid-item post-6514 post type-post status-publish format-standard has-post-thumbnail hentry category-cursos category-novedades\">\n\t\t\t<div class=\"elementor-post__card\">\n\t\t\t\t<a class=\"elementor-post__thumbnail__link\" href=\"https:\/\/if.edu.mx\/index.php\/2026\/01\/03\/cursos-de-educacion-continua-mayo-a-septiembre-del-2026-a-distancia\/\" ><div class=\"elementor-post__thumbnail\"><img loading=\"lazy\" decoding=\"async\" width=\"300\" height=\"214\" src=\"https:\/\/if.edu.mx\/wp-content\/uploads\/2025\/10\/MinCEC2026_Mesa-de-trabajo-1-300x214.jpg\" class=\"attachment-medium size-medium\" alt=\"\" srcset=\"https:\/\/if.edu.mx\/wp-content\/uploads\/2025\/10\/MinCEC2026_Mesa-de-trabajo-1-300x214.jpg 300w, https:\/\/if.edu.mx\/wp-content\/uploads\/2025\/10\/MinCEC2026_Mesa-de-trabajo-1-1024x732.jpg 1024w, https:\/\/if.edu.mx\/wp-content\/uploads\/2025\/10\/MinCEC2026_Mesa-de-trabajo-1-768x549.jpg 768w, https:\/\/if.edu.mx\/wp-content\/uploads\/2025\/10\/MinCEC2026_Mesa-de-trabajo-1.jpg 1458w\" sizes=\"auto, (max-width: 300px) 100vw, 300px\" \/><\/div><\/a>\n\t\t\t\t<div class=\"elementor-post__badge\">Cursos<\/div>\n\t\t\t\t<div class=\"elementor-post__text\">\n\t\t\t\t<h3 class=\"elementor-post__title\">\n\t\t\t<a href=\"https:\/\/if.edu.mx\/index.php\/2026\/01\/03\/cursos-de-educacion-continua-mayo-a-septiembre-del-2026-a-distancia\/\" >\n\t\t\t\tCursos de Educaci\u00f3n Continua: mayo a septiembre del 2026 (A distancia)\t\t\t<\/a>\n\t\t<\/h3>\n\t\t\t\t<div class=\"elementor-post__excerpt\">\n\t\t\t<p>Participa de la oferta de cursos de educaci\u00f3n continua (Modalidad a distancia), en el a\u00f1o 2026&#8230;<\/p>\n\t\t<\/div>\n\t\t\t\t<\/div>\n\t\t\t\t<div class=\"elementor-post__meta-data\">\n\t\t\t\t\t<span class=\"elementor-post-date\">\n\t\t\tenero 3, 2026\t\t<\/span>\n\t\t\t\t<span class=\"elementor-post-avatar\">\n\t\t\tNo hay comentarios\t\t<\/span>\n\t\t\t\t<\/div>\n\t\t\t\t\t<\/div>\n\t\t<\/article>\n\t\t\t\t<\/div>\n\n\n\t\t\n\t\t\t\t<\/div>\n\t\t\t\t<\/div>\n\t\t\t\t\t<\/div>\n\t\t<\/div>\n\t\t\t\t\t\t\t<\/div>\n\t\t<\/section>\n\t\t\t\t\t\t\t<\/div>\n\t\t","protected":false},"excerpt":{"rendered":"<p>Licenciatura a Distancia y Presencial.<\/p>\n","protected":false},"author":1,"featured_media":0,"parent":0,"menu_order":0,"comment_status":"closed","ping_status":"closed","template":"","meta":{"footnotes":""},"class_list":["post-292","page","type-page","status-publish","hentry"],"yoast_head":"<!-- This site is optimized with the Yoast SEO plugin v19.5.1 - https:\/\/yoast.com\/wordpress\/plugins\/seo\/ -->\n<title>Licenciatura - Instituto de filosofia<\/title>\n<meta name=\"robots\" content=\"index, follow, max-snippet:-1, max-image-preview:large, max-video-preview:-1\" \/>\n<link rel=\"canonical\" href=\"https:\/\/if.edu.mx\/index.php\/licenciatura\/\" \/>\n<meta property=\"og:locale\" content=\"es_ES\" \/>\n<meta property=\"og:type\" content=\"article\" \/>\n<meta property=\"og:title\" content=\"Licenciatura - Instituto de filosofia\" \/>\n<meta property=\"og:description\" content=\"Licenciatura a Distancia y Presencial.\" \/>\n<meta property=\"og:url\" content=\"https:\/\/if.edu.mx\/index.php\/licenciatura\/\" \/>\n<meta property=\"og:site_name\" content=\"Instituto de filosofia\" \/>\n<meta property=\"article:modified_time\" content=\"2022-08-07T14:38:27+00:00\" \/>\n<meta name=\"twitter:card\" content=\"summary_large_image\" \/>\n<meta name=\"twitter:label1\" content=\"Tiempo de lectura\" \/>\n\t<meta name=\"twitter:data1\" content=\"3 minutos\" \/>\n<script type=\"application\/ld+json\" class=\"yoast-schema-graph\">{\"@context\":\"https:\/\/schema.org\",\"@graph\":[{\"@type\":\"WebPage\",\"@id\":\"https:\/\/if.edu.mx\/index.php\/licenciatura\/\",\"url\":\"https:\/\/if.edu.mx\/index.php\/licenciatura\/\",\"name\":\"Licenciatura - Instituto de filosofia\",\"isPartOf\":{\"@id\":\"https:\/\/if.edu.mx\/#website\"},\"datePublished\":\"2022-06-11T23:15:20+00:00\",\"dateModified\":\"2022-08-07T14:38:27+00:00\",\"breadcrumb\":{\"@id\":\"https:\/\/if.edu.mx\/index.php\/licenciatura\/#breadcrumb\"},\"inLanguage\":\"es\",\"potentialAction\":[{\"@type\":\"ReadAction\",\"target\":[\"https:\/\/if.edu.mx\/index.php\/licenciatura\/\"]}]},{\"@type\":\"BreadcrumbList\",\"@id\":\"https:\/\/if.edu.mx\/index.php\/licenciatura\/#breadcrumb\",\"itemListElement\":[{\"@type\":\"ListItem\",\"position\":1,\"name\":\"Portada\",\"item\":\"https:\/\/if.edu.mx\/\"},{\"@type\":\"ListItem\",\"position\":2,\"name\":\"Licenciatura\"}]},{\"@type\":\"WebSite\",\"@id\":\"https:\/\/if.edu.mx\/#website\",\"url\":\"https:\/\/if.edu.mx\/\",\"name\":\"Instituto de filosofia\",\"description\":\"Dialogar para construir\u2026una filosof\u00eda para la vida\",\"potentialAction\":[{\"@type\":\"SearchAction\",\"target\":{\"@type\":\"EntryPoint\",\"urlTemplate\":\"https:\/\/if.edu.mx\/?s={search_term_string}\"},\"query-input\":\"required name=search_term_string\"}],\"inLanguage\":\"es\"}]}<\/script>\n<!-- \/ Yoast SEO plugin. -->","yoast_head_json":{"title":"Licenciatura - Instituto de filosofia","robots":{"index":"index","follow":"follow","max-snippet":"max-snippet:-1","max-image-preview":"max-image-preview:large","max-video-preview":"max-video-preview:-1"},"canonical":"https:\/\/if.edu.mx\/index.php\/licenciatura\/","og_locale":"es_ES","og_type":"article","og_title":"Licenciatura - Instituto de filosofia","og_description":"Licenciatura a Distancia y Presencial.","og_url":"https:\/\/if.edu.mx\/index.php\/licenciatura\/","og_site_name":"Instituto de filosofia","article_modified_time":"2022-08-07T14:38:27+00:00","twitter_card":"summary_large_image","twitter_misc":{"Tiempo de lectura":"3 minutos"},"schema":{"@context":"https:\/\/schema.org","@graph":[{"@type":"WebPage","@id":"https:\/\/if.edu.mx\/index.php\/licenciatura\/","url":"https:\/\/if.edu.mx\/index.php\/licenciatura\/","name":"Licenciatura - Instituto de filosofia","isPartOf":{"@id":"https:\/\/if.edu.mx\/#website"},"datePublished":"2022-06-11T23:15:20+00:00","dateModified":"2022-08-07T14:38:27+00:00","breadcrumb":{"@id":"https:\/\/if.edu.mx\/index.php\/licenciatura\/#breadcrumb"},"inLanguage":"es","potentialAction":[{"@type":"ReadAction","target":["https:\/\/if.edu.mx\/index.php\/licenciatura\/"]}]},{"@type":"BreadcrumbList","@id":"https:\/\/if.edu.mx\/index.php\/licenciatura\/#breadcrumb","itemListElement":[{"@type":"ListItem","position":1,"name":"Portada","item":"https:\/\/if.edu.mx\/"},{"@type":"ListItem","position":2,"name":"Licenciatura"}]},{"@type":"WebSite","@id":"https:\/\/if.edu.mx\/#website","url":"https:\/\/if.edu.mx\/","name":"Instituto de filosofia","description":"Dialogar para construir\u2026una filosof\u00eda para la vida","potentialAction":[{"@type":"SearchAction","target":{"@type":"EntryPoint","urlTemplate":"https:\/\/if.edu.mx\/?s={search_term_string}"},"query-input":"required name=search_term_string"}],"inLanguage":"es"}]}},"_links":{"self":[{"href":"https:\/\/if.edu.mx\/index.php\/wp-json\/wp\/v2\/pages\/292","targetHints":{"allow":["GET"]}}],"collection":[{"href":"https:\/\/if.edu.mx\/index.php\/wp-json\/wp\/v2\/pages"}],"about":[{"href":"https:\/\/if.edu.mx\/index.php\/wp-json\/wp\/v2\/types\/page"}],"author":[{"embeddable":true,"href":"https:\/\/if.edu.mx\/index.php\/wp-json\/wp\/v2\/users\/1"}],"replies":[{"embeddable":true,"href":"https:\/\/if.edu.mx\/index.php\/wp-json\/wp\/v2\/comments?post=292"}],"version-history":[{"count":17,"href":"https:\/\/if.edu.mx\/index.php\/wp-json\/wp\/v2\/pages\/292\/revisions"}],"predecessor-version":[{"id":1542,"href":"https:\/\/if.edu.mx\/index.php\/wp-json\/wp\/v2\/pages\/292\/revisions\/1542"}],"wp:attachment":[{"href":"https:\/\/if.edu.mx\/index.php\/wp-json\/wp\/v2\/media?parent=292"}],"curies":[{"name":"wp","href":"https:\/\/api.w.org\/{rel}","templated":true}]}}