{"id":3462,"date":"2022-05-25T11:27:07","date_gmt":"2022-05-25T11:27:07","guid":{"rendered":"https:\/\/if.edu.mx\/Pruebax\/?page_id=3462"},"modified":"2022-05-25T12:24:10","modified_gmt":"2022-05-25T12:24:10","slug":"biblioteca","status":"publish","type":"page","link":"https:\/\/if.edu.mx\/Pruebax\/?page_id=3462","title":{"rendered":"Biblioteca"},"content":{"rendered":"\t\t<div data-elementor-type=\"wp-page\" data-elementor-id=\"3462\" class=\"elementor elementor-3462\">\n\t\t\t\t\t\t\t\t\t<section class=\"elementor-section elementor-top-section elementor-element elementor-element-0e8e2b5 elementor-section-boxed elementor-section-height-default elementor-section-height-default\" data-id=\"0e8e2b5\" data-element_type=\"section\" data-settings=\"{&quot;background_background&quot;:&quot;classic&quot;}\">\n\t\t\t\t\t\t<div class=\"elementor-container elementor-column-gap-default\">\n\t\t\t\t\t<div class=\"elementor-column elementor-col-50 elementor-top-column elementor-element elementor-element-cb44ac3\" data-id=\"cb44ac3\" data-element_type=\"column\">\n\t\t\t<div class=\"elementor-widget-wrap elementor-element-populated\">\n\t\t\t\t\t\t\t\t<div class=\"elementor-element elementor-element-8ed0970 elementor-widget__width-initial elementor-widget elementor-widget-image\" data-id=\"8ed0970\" data-element_type=\"widget\" data-widget_type=\"image.default\">\n\t\t\t\t<div class=\"elementor-widget-container\">\n\t\t\t<style>\/*! elementor - v3.6.4 - 13-04-2022 *\/\n.elementor-widget-image{text-align:center}.elementor-widget-image a{display:inline-block}.elementor-widget-image a img[src$=\".svg\"]{width:48px}.elementor-widget-image img{vertical-align:middle;display:inline-block}<\/style>\t\t\t\t\t\t\t\t\t\t\t\t<img loading=\"lazy\" decoding=\"async\" width=\"201\" height=\"200\" src=\"https:\/\/if.edu.mx\/Pruebax\/wp-content\/uploads\/2022\/05\/secciones-14.png\" class=\"attachment-medium size-medium\" alt=\"\" srcset=\"https:\/\/if.edu.mx\/Pruebax\/wp-content\/uploads\/2022\/05\/secciones-14.png 201w, https:\/\/if.edu.mx\/Pruebax\/wp-content\/uploads\/2022\/05\/secciones-14-150x150.png 150w\" sizes=\"auto, (max-width: 201px) 100vw, 201px\" \/>\t\t\t\t\t\t\t\t\t\t\t\t\t\t\t<\/div>\n\t\t\t\t<\/div>\n\t\t\t\t\t<\/div>\n\t\t<\/div>\n\t\t\t\t<div class=\"elementor-column elementor-col-50 elementor-top-column elementor-element elementor-element-3445b64\" data-id=\"3445b64\" data-element_type=\"column\">\n\t\t\t<div class=\"elementor-widget-wrap elementor-element-populated\">\n\t\t\t\t\t\t\t\t<div class=\"elementor-element elementor-element-fa797c6 elementor-widget elementor-widget-text-editor\" data-id=\"fa797c6\" data-element_type=\"widget\" data-widget_type=\"text-editor.default\">\n\t\t\t\t<div class=\"elementor-widget-container\">\n\t\t\t<style>\/*! elementor - v3.6.4 - 13-04-2022 *\/\n.elementor-widget-text-editor.elementor-drop-cap-view-stacked .elementor-drop-cap{background-color:#818a91;color:#fff}.elementor-widget-text-editor.elementor-drop-cap-view-framed .elementor-drop-cap{color:#818a91;border:3px solid;background-color:transparent}.elementor-widget-text-editor:not(.elementor-drop-cap-view-default) .elementor-drop-cap{margin-top:8px}.elementor-widget-text-editor:not(.elementor-drop-cap-view-default) .elementor-drop-cap-letter{width:1em;height:1em}.elementor-widget-text-editor .elementor-drop-cap{float:left;text-align:center;line-height:1;font-size:50px}.elementor-widget-text-editor .elementor-drop-cap-letter{display:inline-block}<\/style>\t\t\t\t<h2 class=\"elementor-heading-title elementor-size-default elementor-inline-editing pen\" style=\"text-align: center;\" contenteditable=\"true\" data-elementor-setting-key=\"title\" data-pen-placeholder=\"Teclea aqu\u00ed...\"><span style=\"color: #ffffff;\">Biblioteca<\/span><\/h2><p><span style=\"color: #ffffff;\">En la\u00a0biblioteca<b>\u00a0<\/b>integramos los servicios de informaci\u00f3n que contribuyen a la formaci\u00f3n filos\u00f3fica y cultural de nuestra comunidad de aprendizaje.<\/span><\/p><p><span style=\"color: #ffffff;\">En ella proporcionamos, facilitamos y fomentamos el uso de los recursos bibliogr\u00e1ficos y de informaci\u00f3n para apoyar actividades educativas, de investigaci\u00f3n, de generaci\u00f3n de conocimiento y difusi\u00f3n de una cultura filos\u00f3fica humanista relevante y socialmente \u00fatil.<\/span><\/p><p style=\"text-align: justify;\"><span style=\"font-style: inherit; font-weight: inherit; text-align: center; color: #ffffff;\">Contacto: <\/span><a href=\"mailto:biblioteca@if.edu.mx\"><span style=\"font-style: inherit; font-weight: inherit; text-align: center;\"> biblioteca@if.edu.mx<\/span><\/a><\/p>\t\t\t\t\t\t<\/div>\n\t\t\t\t<\/div>\n\t\t\t\t\t<\/div>\n\t\t<\/div>\n\t\t\t\t\t\t\t<\/div>\n\t\t<\/section>\n\t\t\t\t<section class=\"elementor-section elementor-top-section elementor-element elementor-element-0189a06 elementor-section-boxed elementor-section-height-default elementor-section-height-default\" data-id=\"0189a06\" data-element_type=\"section\">\n\t\t\t\t\t\t<div class=\"elementor-container elementor-column-gap-default\">\n\t\t\t\t\t<div class=\"elementor-column elementor-col-100 elementor-top-column elementor-element elementor-element-80d0f51\" data-id=\"80d0f51\" data-element_type=\"column\">\n\t\t\t<div class=\"elementor-widget-wrap\">\n\t\t\t\t\t\t\t\t\t<\/div>\n\t\t<\/div>\n\t\t\t\t\t\t\t<\/div>\n\t\t<\/section>\n\t\t\t\t<section class=\"elementor-section elementor-top-section elementor-element elementor-element-954e1e8 elementor-section-boxed elementor-section-height-default elementor-section-height-default\" data-id=\"954e1e8\" data-element_type=\"section\" data-settings=\"{&quot;background_background&quot;:&quot;classic&quot;}\">\n\t\t\t\t\t\t<div class=\"elementor-container elementor-column-gap-default\">\n\t\t\t\t\t<div class=\"elementor-column elementor-col-50 elementor-top-column elementor-element elementor-element-3cbe242\" data-id=\"3cbe242\" data-element_type=\"column\">\n\t\t\t<div class=\"elementor-widget-wrap elementor-element-populated\">\n\t\t\t\t\t\t\t\t<div class=\"elementor-element elementor-element-3382490 elementor-widget elementor-widget-text-editor\" data-id=\"3382490\" data-element_type=\"widget\" data-widget_type=\"text-editor.default\">\n\t\t\t\t<div class=\"elementor-widget-container\">\n\t\t\t\t\t\t\t<p><span style=\"color: #ffffff;\"><strong>Acervo en L\u00ednea<\/strong><\/span><\/p><p><span style=\"color: #ffffff;\">El acervo de la biblioteca del Instituto est\u00e1 especializado en Filosof\u00eda en \u00e1reas como Antropolog\u00eda, Metaf\u00edsica, \u00c9tica, Filosof\u00eda Pol\u00edtica, Historia de la filosof\u00eda, Filosof\u00eda de la Religi\u00f3n y Teodicea. Entre las disciplinas afines tambi\u00e9n se encuentran: Psicolog\u00eda, Religi\u00f3n, Sociolog\u00eda, Pol\u00edtica, Econom\u00eda, Educaci\u00f3n, Literatura e Historia. En su dep\u00f3sito cuenta con una colecci\u00f3n de videos y revistas especializadas.<\/span><\/p><p style=\"padding-left: 40px;\"><span style=\"color: #ffffff;\">&#8211; Antropolog\u00eda Filos\u00f3fica<\/span><br \/><span style=\"color: #ffffff;\">&#8211; \u00c9tica<\/span><br \/><span style=\"color: #ffffff;\">&#8211; Epistemolog\u00eda<\/span><br \/><span style=\"color: #ffffff;\">&#8211; Filosof\u00eda de la Naturaleza<\/span><br \/><span style=\"color: #ffffff;\">&#8211; Metaf\u00edsica<\/span><br \/><span style=\"color: #ffffff;\">&#8211; Filosof\u00eda de la Religi\u00f3n y Teodicea<\/span><\/p><p><span style=\"color: #ffffff;\">Su acervo incluye obras de disciplinas como:<\/span><\/p><p style=\"padding-left: 40px;\"><span style=\"color: #ffffff;\">&#8211; Psicolog\u00eda<\/span><br \/><span style=\"color: #ffffff;\">&#8211; Teor\u00eda Sociol\u00f3gica<\/span><br \/><span style=\"color: #ffffff;\">&#8211; Sociolog\u00eda Pol\u00edtica<\/span><br \/><span style=\"color: #ffffff;\">&#8211; Sociolog\u00eda Econ\u00f3mica<\/span><br \/><span style=\"color: #ffffff;\">&#8211; Sociolog\u00eda de la Religi\u00f3n<\/span><br \/><span style=\"color: #ffffff;\">&#8211; Literatura<\/span><br \/><span style=\"color: #ffffff;\">&#8211; Historia Universal<\/span><br \/><span style=\"color: #ffffff;\">&#8211; Historia de M\u00e9xico<\/span><\/p><p><span style=\"color: #ffffff;\">Contamos tambi\u00e9n con un Fondo hist\u00f3rico. <\/span><br \/><span style=\"color: #ffffff;\">Finalmente, hay una secci\u00f3n de revistas especializadas y videos.<\/span><\/p>\t\t\t\t\t\t<\/div>\n\t\t\t\t<\/div>\n\t\t\t\t\t<\/div>\n\t\t<\/div>\n\t\t\t\t<div class=\"elementor-column elementor-col-50 elementor-top-column elementor-element elementor-element-bfdf3c0\" data-id=\"bfdf3c0\" data-element_type=\"column\">\n\t\t\t<div class=\"elementor-widget-wrap elementor-element-populated\">\n\t\t\t\t\t\t\t\t<div class=\"elementor-element elementor-element-cafebf8 elementor-widget elementor-widget-text-editor\" data-id=\"cafebf8\" data-element_type=\"widget\" data-widget_type=\"text-editor.default\">\n\t\t\t\t<div class=\"elementor-widget-container\">\n\t\t\t\t\t\t\t<p><span style=\"color: #ffffff;\"><strong>Biblioteca Digital<\/strong><\/span><\/p><p><span style=\"color: #ffffff;\">Gracias a nuestra Biblioteca digital proporcionamos a la comunidad acad\u00e9mica una serie de recursos en formato digital. Desde nuestro portal se puede tener a acceso a bibliotecas virtuales, consultar el acervo de nuestra biblioteca, documentos y textos propios del Instituto, as\u00ed como a recursos generales que tienen la intencionalidad de respaldar nuestros procesos de ense\u00f1anza-aprendizaje.<\/span><\/p>\t\t\t\t\t\t<\/div>\n\t\t\t\t<\/div>\n\t\t\t\t\t<\/div>\n\t\t<\/div>\n\t\t\t\t\t\t\t<\/div>\n\t\t<\/section>\n\t\t\t\t<section class=\"elementor-section elementor-top-section elementor-element elementor-element-b6e47ab elementor-section-boxed elementor-section-height-default elementor-section-height-default\" data-id=\"b6e47ab\" data-element_type=\"section\">\n\t\t\t\t\t\t<div class=\"elementor-container elementor-column-gap-default\">\n\t\t\t\t\t<div class=\"elementor-column elementor-col-100 elementor-top-column elementor-element elementor-element-2020119\" data-id=\"2020119\" data-element_type=\"column\">\n\t\t\t<div class=\"elementor-widget-wrap\">\n\t\t\t\t\t\t\t\t\t<\/div>\n\t\t<\/div>\n\t\t\t\t\t\t\t<\/div>\n\t\t<\/section>\n\t\t\t\t\t\t\t<\/div>\n\t\t","protected":false},"excerpt":{"rendered":"<p>Biblioteca En la\u00a0biblioteca\u00a0integramos los servicios de informaci\u00f3n que contribuyen a la formaci\u00f3n filos\u00f3fica y cultural de nuestra comunidad de aprendizaje. En ella proporcionamos, facilitamos y fomentamos el uso de los recursos bibliogr\u00e1ficos y de informaci\u00f3n para apoyar actividades educativas, de investigaci\u00f3n, de generaci\u00f3n de conocimiento y difusi\u00f3n de una cultura filos\u00f3fica humanista relevante y socialmente &hellip;<\/p>\n<p class=\"read-more\"> <a class=\"\" href=\"https:\/\/if.edu.mx\/Pruebax\/?page_id=3462\"> <span class=\"screen-reader-text\">Biblioteca<\/span> Leer m\u00e1s &raquo;<\/a><\/p>\n","protected":false},"author":1,"featured_media":0,"parent":0,"menu_order":1,"comment_status":"closed","ping_status":"closed","template":"","meta":{"site-sidebar-layout":"no-sidebar","site-content-layout":"page-builder","ast-main-header-display":"","ast-hfb-above-header-display":"","ast-hfb-below-header-display":"","ast-hfb-mobile-header-display":"","site-post-title":"disabled","ast-breadcrumbs-content":"","ast-featured-img":"disabled","footer-sml-layout":"","theme-transparent-header-meta":"default","adv-header-id-meta":"","stick-header-meta":"","header-above-stick-meta":"","header-main-stick-meta":"","header-below-stick-meta":"","footnotes":""},"class_list":["post-3462","page","type-page","status-publish","hentry"],"yoast_head":"<!-- This site is optimized with the Yoast SEO plugin v18.5.1 - https:\/\/yoast.com\/wordpress\/plugins\/seo\/ -->\n<title>Biblioteca - Pruebaxx<\/title>\n<meta name=\"robots\" content=\"index, follow, max-snippet:-1, max-image-preview:large, max-video-preview:-1\" \/>\n<link rel=\"canonical\" href=\"https:\/\/if.edu.mx\/Pruebax\/?page_id=3462\" \/>\n<meta property=\"og:locale\" content=\"es_ES\" \/>\n<meta property=\"og:type\" content=\"article\" \/>\n<meta property=\"og:title\" content=\"Biblioteca - Pruebaxx\" \/>\n<meta property=\"og:description\" content=\"Biblioteca En la\u00a0biblioteca\u00a0integramos los servicios de informaci\u00f3n que contribuyen a la formaci\u00f3n filos\u00f3fica y cultural de nuestra comunidad de aprendizaje. En ella proporcionamos, facilitamos y fomentamos el uso de los recursos bibliogr\u00e1ficos y de informaci\u00f3n para apoyar actividades educativas, de investigaci\u00f3n, de generaci\u00f3n de conocimiento y difusi\u00f3n de una cultura filos\u00f3fica humanista relevante y socialmente &hellip; Biblioteca Leer m\u00e1s &raquo;\" \/>\n<meta property=\"og:url\" content=\"https:\/\/if.edu.mx\/Pruebax\/?page_id=3462\" \/>\n<meta property=\"og:site_name\" content=\"Pruebaxx\" \/>\n<meta property=\"article:modified_time\" content=\"2022-05-25T12:24:10+00:00\" \/>\n<meta property=\"og:image\" content=\"https:\/\/if.edu.mx\/Pruebax\/wp-content\/uploads\/2022\/05\/secciones-14.png\" \/>\n<meta name=\"twitter:card\" content=\"summary_large_image\" \/>\n<meta name=\"twitter:label1\" content=\"Tiempo de lectura\" \/>\n\t<meta name=\"twitter:data1\" content=\"2 minutos\" \/>\n<script type=\"application\/ld+json\" class=\"yoast-schema-graph\">{\"@context\":\"https:\/\/schema.org\",\"@graph\":[{\"@type\":\"WebSite\",\"@id\":\"https:\/\/if.edu.mx\/Pruebax\/#website\",\"url\":\"https:\/\/if.edu.mx\/Pruebax\/\",\"name\":\"Pruebaxx\",\"description\":\"Instituto de Filosof\u00eda\",\"potentialAction\":[{\"@type\":\"SearchAction\",\"target\":{\"@type\":\"EntryPoint\",\"urlTemplate\":\"https:\/\/if.edu.mx\/Pruebax\/?s={search_term_string}\"},\"query-input\":\"required name=search_term_string\"}],\"inLanguage\":\"es\"},{\"@type\":\"ImageObject\",\"@id\":\"https:\/\/if.edu.mx\/Pruebax\/?page_id=3462#primaryimage\",\"inLanguage\":\"es\",\"url\":\"https:\/\/if.edu.mx\/Pruebax\/wp-content\/uploads\/2022\/05\/secciones-14.png\",\"contentUrl\":\"https:\/\/if.edu.mx\/Pruebax\/wp-content\/uploads\/2022\/05\/secciones-14.png\",\"width\":201,\"height\":200},{\"@type\":\"WebPage\",\"@id\":\"https:\/\/if.edu.mx\/Pruebax\/?page_id=3462#webpage\",\"url\":\"https:\/\/if.edu.mx\/Pruebax\/?page_id=3462\",\"name\":\"Biblioteca - Pruebaxx\",\"isPartOf\":{\"@id\":\"https:\/\/if.edu.mx\/Pruebax\/#website\"},\"primaryImageOfPage\":{\"@id\":\"https:\/\/if.edu.mx\/Pruebax\/?page_id=3462#primaryimage\"},\"datePublished\":\"2022-05-25T11:27:07+00:00\",\"dateModified\":\"2022-05-25T12:24:10+00:00\",\"breadcrumb\":{\"@id\":\"https:\/\/if.edu.mx\/Pruebax\/?page_id=3462#breadcrumb\"},\"inLanguage\":\"es\",\"potentialAction\":[{\"@type\":\"ReadAction\",\"target\":[\"https:\/\/if.edu.mx\/Pruebax\/?page_id=3462\"]}]},{\"@type\":\"BreadcrumbList\",\"@id\":\"https:\/\/if.edu.mx\/Pruebax\/?page_id=3462#breadcrumb\",\"itemListElement\":[{\"@type\":\"ListItem\",\"position\":1,\"name\":\"Portada\",\"item\":\"https:\/\/if.edu.mx\/Pruebax\/\"},{\"@type\":\"ListItem\",\"position\":2,\"name\":\"Biblioteca\"}]}]}<\/script>\n<!-- \/ Yoast SEO plugin. -->","yoast_head_json":{"title":"Biblioteca - Pruebaxx","robots":{"index":"index","follow":"follow","max-snippet":"max-snippet:-1","max-image-preview":"max-image-preview:large","max-video-preview":"max-video-preview:-1"},"canonical":"https:\/\/if.edu.mx\/Pruebax\/?page_id=3462","og_locale":"es_ES","og_type":"article","og_title":"Biblioteca - Pruebaxx","og_description":"Biblioteca En la\u00a0biblioteca\u00a0integramos los servicios de informaci\u00f3n que contribuyen a la formaci\u00f3n filos\u00f3fica y cultural de nuestra comunidad de aprendizaje. En ella proporcionamos, facilitamos y fomentamos el uso de los recursos bibliogr\u00e1ficos y de informaci\u00f3n para apoyar actividades educativas, de investigaci\u00f3n, de generaci\u00f3n de conocimiento y difusi\u00f3n de una cultura filos\u00f3fica humanista relevante y socialmente &hellip; Biblioteca Leer m\u00e1s &raquo;","og_url":"https:\/\/if.edu.mx\/Pruebax\/?page_id=3462","og_site_name":"Pruebaxx","article_modified_time":"2022-05-25T12:24:10+00:00","og_image":[{"url":"https:\/\/if.edu.mx\/Pruebax\/wp-content\/uploads\/2022\/05\/secciones-14.png"}],"twitter_card":"summary_large_image","twitter_misc":{"Tiempo de lectura":"2 minutos"},"schema":{"@context":"https:\/\/schema.org","@graph":[{"@type":"WebSite","@id":"https:\/\/if.edu.mx\/Pruebax\/#website","url":"https:\/\/if.edu.mx\/Pruebax\/","name":"Pruebaxx","description":"Instituto de Filosof\u00eda","potentialAction":[{"@type":"SearchAction","target":{"@type":"EntryPoint","urlTemplate":"https:\/\/if.edu.mx\/Pruebax\/?s={search_term_string}"},"query-input":"required name=search_term_string"}],"inLanguage":"es"},{"@type":"ImageObject","@id":"https:\/\/if.edu.mx\/Pruebax\/?page_id=3462#primaryimage","inLanguage":"es","url":"https:\/\/if.edu.mx\/Pruebax\/wp-content\/uploads\/2022\/05\/secciones-14.png","contentUrl":"https:\/\/if.edu.mx\/Pruebax\/wp-content\/uploads\/2022\/05\/secciones-14.png","width":201,"height":200},{"@type":"WebPage","@id":"https:\/\/if.edu.mx\/Pruebax\/?page_id=3462#webpage","url":"https:\/\/if.edu.mx\/Pruebax\/?page_id=3462","name":"Biblioteca - Pruebaxx","isPartOf":{"@id":"https:\/\/if.edu.mx\/Pruebax\/#website"},"primaryImageOfPage":{"@id":"https:\/\/if.edu.mx\/Pruebax\/?page_id=3462#primaryimage"},"datePublished":"2022-05-25T11:27:07+00:00","dateModified":"2022-05-25T12:24:10+00:00","breadcrumb":{"@id":"https:\/\/if.edu.mx\/Pruebax\/?page_id=3462#breadcrumb"},"inLanguage":"es","potentialAction":[{"@type":"ReadAction","target":["https:\/\/if.edu.mx\/Pruebax\/?page_id=3462"]}]},{"@type":"BreadcrumbList","@id":"https:\/\/if.edu.mx\/Pruebax\/?page_id=3462#breadcrumb","itemListElement":[{"@type":"ListItem","position":1,"name":"Portada","item":"https:\/\/if.edu.mx\/Pruebax\/"},{"@type":"ListItem","position":2,"name":"Biblioteca"}]}]}},"_links":{"self":[{"href":"https:\/\/if.edu.mx\/Pruebax\/index.php?rest_route=\/wp\/v2\/pages\/3462","targetHints":{"allow":["GET"]}}],"collection":[{"href":"https:\/\/if.edu.mx\/Pruebax\/index.php?rest_route=\/wp\/v2\/pages"}],"about":[{"href":"https:\/\/if.edu.mx\/Pruebax\/index.php?rest_route=\/wp\/v2\/types\/page"}],"author":[{"embeddable":true,"href":"https:\/\/if.edu.mx\/Pruebax\/index.php?rest_route=\/wp\/v2\/users\/1"}],"replies":[{"embeddable":true,"href":"https:\/\/if.edu.mx\/Pruebax\/index.php?rest_route=%2Fwp%2Fv2%2Fcomments&post=3462"}],"version-history":[{"count":85,"href":"https:\/\/if.edu.mx\/Pruebax\/index.php?rest_route=\/wp\/v2\/pages\/3462\/revisions"}],"predecessor-version":[{"id":3551,"href":"https:\/\/if.edu.mx\/Pruebax\/index.php?rest_route=\/wp\/v2\/pages\/3462\/revisions\/3551"}],"wp:attachment":[{"href":"https:\/\/if.edu.mx\/Pruebax\/index.php?rest_route=%2Fwp%2Fv2%2Fmedia&parent=3462"}],"curies":[{"name":"wp","href":"https:\/\/api.w.org\/{rel}","templated":true}]}}