{"id":3192,"date":"2022-04-18T00:59:37","date_gmt":"2022-04-18T00:59:37","guid":{"rendered":"https:\/\/if.edu.mx\/Pruebax\/?page_id=3192"},"modified":"2022-04-19T01:26:09","modified_gmt":"2022-04-19T01:26:09","slug":"licenciatura-escolarizada","status":"publish","type":"page","link":"https:\/\/if.edu.mx\/Pruebax\/?page_id=3192","title":{"rendered":"Licenciatura Escolarizada"},"content":{"rendered":"\t\t<div data-elementor-type=\"wp-page\" data-elementor-id=\"3192\" class=\"elementor elementor-3192\">\n\t\t\t\t\t\t\t\t\t<section class=\"elementor-section elementor-top-section elementor-element elementor-element-f6edc6d elementor-section-boxed elementor-section-height-default elementor-section-height-default\" data-id=\"f6edc6d\" data-element_type=\"section\">\n\t\t\t\t\t\t<div class=\"elementor-container elementor-column-gap-default\">\n\t\t\t\t\t<div class=\"elementor-column elementor-col-100 elementor-top-column elementor-element elementor-element-b619c7f\" data-id=\"b619c7f\" data-element_type=\"column\">\n\t\t\t<div class=\"elementor-widget-wrap elementor-element-populated\">\n\t\t\t\t\t\t\t\t<div class=\"elementor-element elementor-element-8235a0f elementor-widget elementor-widget-heading\" data-id=\"8235a0f\" data-element_type=\"widget\" data-widget_type=\"heading.default\">\n\t\t\t\t<div class=\"elementor-widget-container\">\n\t\t\t<style>\/*! elementor - v3.6.4 - 13-04-2022 *\/\n.elementor-heading-title{padding:0;margin:0;line-height:1}.elementor-widget-heading .elementor-heading-title[class*=elementor-size-]>a{color:inherit;font-size:inherit;line-height:inherit}.elementor-widget-heading .elementor-heading-title.elementor-size-small{font-size:15px}.elementor-widget-heading .elementor-heading-title.elementor-size-medium{font-size:19px}.elementor-widget-heading .elementor-heading-title.elementor-size-large{font-size:29px}.elementor-widget-heading .elementor-heading-title.elementor-size-xl{font-size:39px}.elementor-widget-heading .elementor-heading-title.elementor-size-xxl{font-size:59px}<\/style><h2 class=\"elementor-heading-title elementor-size-default\">Licenciatura Escolarizada en Filosof\u00eda <br>Inicio 8 de agosto de 2022 <br> (Presencial)<\/h2>\t\t<\/div>\n\t\t\t\t<\/div>\n\t\t\t\t\t<\/div>\n\t\t<\/div>\n\t\t\t\t\t\t\t<\/div>\n\t\t<\/section>\n\t\t\t\t<section class=\"elementor-section elementor-top-section elementor-element elementor-element-0e8e2b5 elementor-section-boxed elementor-section-height-default elementor-section-height-default\" data-id=\"0e8e2b5\" data-element_type=\"section\" data-settings=\"{&quot;background_background&quot;:&quot;classic&quot;}\">\n\t\t\t\t\t\t<div class=\"elementor-container elementor-column-gap-default\">\n\t\t\t\t\t<div class=\"elementor-column elementor-col-50 elementor-top-column elementor-element elementor-element-cb44ac3\" data-id=\"cb44ac3\" data-element_type=\"column\">\n\t\t\t<div class=\"elementor-widget-wrap elementor-element-populated\">\n\t\t\t\t\t\t\t\t<div class=\"elementor-element elementor-element-9077f65 elementor-widget elementor-widget-text-editor\" data-id=\"9077f65\" data-element_type=\"widget\" data-widget_type=\"text-editor.default\">\n\t\t\t\t<div class=\"elementor-widget-container\">\n\t\t\t<style>\/*! elementor - v3.6.4 - 13-04-2022 *\/\n.elementor-widget-text-editor.elementor-drop-cap-view-stacked .elementor-drop-cap{background-color:#818a91;color:#fff}.elementor-widget-text-editor.elementor-drop-cap-view-framed .elementor-drop-cap{color:#818a91;border:3px solid;background-color:transparent}.elementor-widget-text-editor:not(.elementor-drop-cap-view-default) .elementor-drop-cap{margin-top:8px}.elementor-widget-text-editor:not(.elementor-drop-cap-view-default) .elementor-drop-cap-letter{width:1em;height:1em}.elementor-widget-text-editor .elementor-drop-cap{float:left;text-align:center;line-height:1;font-size:50px}.elementor-widget-text-editor .elementor-drop-cap-letter{display:inline-block}<\/style>\t\t\t\t<h3>Generalidades:<\/h3>\n<p><strong>Organiza:<\/strong>&nbsp;Instituto de Filosof\u00eda<\/p>\n<p><strong>Destinatarios:\u00b7<\/strong>&nbsp;Para quien quiera formarse como profesional de le filosof\u00eda o para quien busque una formaci\u00f3n filos\u00f3fica s\u00f3lida que posibilite otros estudios y el desarrollo de competencias filos\u00f3ficas. Para quien requiera una educaci\u00f3n sistem\u00e1tica, coherente y abierta al pluralismo.<\/p>\n<p><strong>Modalidad:<\/strong>&nbsp;Presencial<\/p>\n<p><span style=\"font-weight: bold;\">Duraci\u00f3n:<\/span>&nbsp;6 semestres (3 a\u00f1os)<\/p>\n<p><strong>Horario:&nbsp;<\/strong><\/p>\t\t\t\t\t\t<\/div>\n\t\t\t\t<\/div>\n\t\t\t\t\t<\/div>\n\t\t<\/div>\n\t\t\t\t<div class=\"elementor-column elementor-col-50 elementor-top-column elementor-element elementor-element-3445b64\" data-id=\"3445b64\" data-element_type=\"column\">\n\t\t\t<div class=\"elementor-widget-wrap elementor-element-populated\">\n\t\t\t\t\t\t\t\t<div class=\"elementor-element elementor-element-44814b2 elementor-widget elementor-widget-image\" data-id=\"44814b2\" data-element_type=\"widget\" data-widget_type=\"image.default\">\n\t\t\t\t<div class=\"elementor-widget-container\">\n\t\t\t<style>\/*! elementor - v3.6.4 - 13-04-2022 *\/\n.elementor-widget-image{text-align:center}.elementor-widget-image a{display:inline-block}.elementor-widget-image a img[src$=\".svg\"]{width:48px}.elementor-widget-image img{vertical-align:middle;display:inline-block}<\/style>\t\t\t\t\t\t\t\t\t\t\t\t<img loading=\"lazy\" decoding=\"async\" width=\"710\" height=\"473\" src=\"https:\/\/if.edu.mx\/Pruebax\/wp-content\/uploads\/2022\/04\/Lic.-Escolarizada.jpg\" class=\"attachment-large size-large\" alt=\"\" srcset=\"https:\/\/if.edu.mx\/Pruebax\/wp-content\/uploads\/2022\/04\/Lic.-Escolarizada.jpg 710w, https:\/\/if.edu.mx\/Pruebax\/wp-content\/uploads\/2022\/04\/Lic.-Escolarizada-300x200.jpg 300w\" sizes=\"auto, (max-width: 710px) 100vw, 710px\" \/>\t\t\t\t\t\t\t\t\t\t\t\t\t\t\t<\/div>\n\t\t\t\t<\/div>\n\t\t\t\t\t<\/div>\n\t\t<\/div>\n\t\t\t\t\t\t\t<\/div>\n\t\t<\/section>\n\t\t\t\t<section class=\"elementor-section elementor-top-section elementor-element elementor-element-549e98e elementor-section-boxed elementor-section-height-default elementor-section-height-default\" data-id=\"549e98e\" data-element_type=\"section\" data-settings=\"{&quot;background_background&quot;:&quot;classic&quot;}\">\n\t\t\t\t\t\t<div class=\"elementor-container elementor-column-gap-default\">\n\t\t\t\t\t<div class=\"elementor-column elementor-col-100 elementor-top-column elementor-element elementor-element-f9c0fe0\" data-id=\"f9c0fe0\" data-element_type=\"column\">\n\t\t\t<div class=\"elementor-widget-wrap elementor-element-populated\">\n\t\t\t\t\t\t\t\t<div class=\"elementor-element elementor-element-57e981f elementor-widget elementor-widget-text-editor\" data-id=\"57e981f\" data-element_type=\"widget\" data-widget_type=\"text-editor.default\">\n\t\t\t\t<div class=\"elementor-widget-container\">\n\t\t\t\t\t\t\t<p><strong>Objetivo:<\/strong>\u00a0Formar personas con conocimientos de los temas\u00a0 y problemas fundamentales de le filosof\u00eda, su historia y autores,\u00a0las corrientes, y los debates contempor\u00e1neos. La formaci\u00f3n del profesional de la filosof\u00eda, implica una habilitaci\u00f3n por la cual deber\u00e1 desarrollar un pensamiento propio, cr\u00edtico, sistem\u00e1tico y dialogante abierto al pluralismo de la \u00e9poca, en funci\u00f3n de generar un compromiso con la sociedad en la que le he tocado vivir y la transformaci\u00f3n del mundo.<\/p>\t\t\t\t\t\t<\/div>\n\t\t\t\t<\/div>\n\t\t\t\t\t<\/div>\n\t\t<\/div>\n\t\t\t\t\t\t\t<\/div>\n\t\t<\/section>\n\t\t\t\t<section class=\"elementor-section elementor-top-section elementor-element elementor-element-960417e elementor-section-boxed elementor-section-height-default elementor-section-height-default\" data-id=\"960417e\" data-element_type=\"section\">\n\t\t\t\t\t\t<div class=\"elementor-container elementor-column-gap-default\">\n\t\t\t\t\t<div class=\"elementor-column elementor-col-100 elementor-top-column elementor-element elementor-element-19baf71\" data-id=\"19baf71\" data-element_type=\"column\">\n\t\t\t<div class=\"elementor-widget-wrap elementor-element-populated\">\n\t\t\t\t\t\t\t\t<div class=\"elementor-element elementor-element-c7cb429 elementor-widget elementor-widget-text-editor\" data-id=\"c7cb429\" data-element_type=\"widget\" data-widget_type=\"text-editor.default\">\n\t\t\t\t<div class=\"elementor-widget-container\">\n\t\t\t\t\t\t\t<p>\u00a0<\/p><p style=\"text-align: center;\"><strong>Costo promedio por semestre Aprox:<\/strong>\u00a0MXN $34,000\u00a0 USD $1,725\u00a0 d\u00f3lares.<\/p>\t\t\t\t\t\t<\/div>\n\t\t\t\t<\/div>\n\t\t\t\t\t<\/div>\n\t\t<\/div>\n\t\t\t\t\t\t\t<\/div>\n\t\t<\/section>\n\t\t\t\t<section class=\"elementor-section elementor-top-section elementor-element elementor-element-8c7a24a elementor-section-boxed elementor-section-height-default elementor-section-height-default\" data-id=\"8c7a24a\" data-element_type=\"section\">\n\t\t\t\t\t\t<div class=\"elementor-container elementor-column-gap-default\">\n\t\t\t\t\t<div class=\"elementor-column elementor-col-100 elementor-top-column elementor-element elementor-element-bc349b5\" data-id=\"bc349b5\" data-element_type=\"column\">\n\t\t\t<div class=\"elementor-widget-wrap elementor-element-populated\">\n\t\t\t\t\t\t\t\t<div class=\"elementor-element elementor-element-8cbf745 elementor-align-center elementor-widget elementor-widget-button\" data-id=\"8cbf745\" data-element_type=\"widget\" data-widget_type=\"button.default\">\n\t\t\t\t<div class=\"elementor-widget-container\">\n\t\t\t\t\t<div class=\"elementor-button-wrapper\">\n\t\t\t<a href=\"http:\/\/if.edu.mx\/registro-en-linea\/\" class=\"elementor-button-link elementor-button elementor-size-xl\" role=\"button\">\n\t\t\t\t\t\t<span class=\"elementor-button-content-wrapper\">\n\t\t\t\t\t\t<span class=\"elementor-button-text\">INSCRIPCIONES AQU\u00cd<\/span>\n\t\t<\/span>\n\t\t\t\t\t<\/a>\n\t\t<\/div>\n\t\t\t\t<\/div>\n\t\t\t\t<\/div>\n\t\t\t\t\t<\/div>\n\t\t<\/div>\n\t\t\t\t\t\t\t<\/div>\n\t\t<\/section>\n\t\t\t\t<section class=\"elementor-section elementor-top-section elementor-element elementor-element-6da0928 elementor-section-boxed elementor-section-height-default elementor-section-height-default\" data-id=\"6da0928\" data-element_type=\"section\" data-settings=\"{&quot;background_background&quot;:&quot;classic&quot;}\">\n\t\t\t\t\t\t<div class=\"elementor-container elementor-column-gap-default\">\n\t\t\t\t\t<div class=\"elementor-column elementor-col-100 elementor-top-column elementor-element elementor-element-77d3a23\" data-id=\"77d3a23\" data-element_type=\"column\">\n\t\t\t<div class=\"elementor-widget-wrap elementor-element-populated\">\n\t\t\t\t\t\t\t\t<div class=\"elementor-element elementor-element-34a1be5 elementor-widget elementor-widget-text-editor\" data-id=\"34a1be5\" data-element_type=\"widget\" data-widget_type=\"text-editor.default\">\n\t\t\t\t<div class=\"elementor-widget-container\">\n\t\t\t\t\t\t\t<h3>Temario:<\/h3><p><em>La Licenciatura en Filosof\u00eda\u00a0se\u00a0compone de \u00e1reas que vinculan a la filosof\u00eda con otros saberes:\u00a0<\/em><\/p><p><strong>1. Sistem\u00e1tica:<\/strong>\u00a0L\u00f3gica, Introducci\u00f3n e la Filosof\u00eda, Antropolog\u00eda Filos\u00f3fica, Filosof\u00eda de la Naturaleza, \u00c9tica, Teor\u00eda del Conocimiento, Ontolog\u00eda, Filosof\u00eda de le Historia, Est\u00e9tica y Reflexi\u00f3n Filos\u00f3fica sobre Dios.<br \/><strong>2. Hist\u00f3rica:<\/strong>\u00a0Filosof\u00eda Antigua, Medieval, Moderna y Contempor\u00e1nea.<br \/><strong>3. Seminarios de Autor:<\/strong>\u00a0Plat\u00f3n y Arist\u00f3teles, Agust\u00edn y Santo Tom\u00e1s, Kant, Hegel, Kierkegaard y Nietzsche, Wittgenstein, Escuela de Francfort.<br \/><strong>4. Filosof\u00eda y Sociedad:<\/strong>\u00a0M\u00e9xico: Econom\u00eda, Pol\u00edtica y Sociedad, Filosof\u00eda Pol\u00edtica, Filosof\u00eda de la Cultura, Filosof\u00eda de la Econom\u00eda, Filosof\u00eda Latinoamericana y Mexicana.<br \/><strong>5. Filosof\u00eda y Religi\u00f3n:<\/strong>\u00a0Antropolog\u00eda, Sociolog\u00eda y Filosof\u00eda de le Religi\u00f3n.<br \/><strong>6. Cuestiones Filos\u00f3ficas Contempor\u00e1neas:<\/strong>\u00a0\u00c9tica Aplicada, Filosof\u00eda del Lenguaje, Modernidad-Posmodernidad, Problemas Filos\u00f3ficos en le Literatura y Epistemolog\u00eda.<br \/><strong>7. Integraci\u00f3n:<\/strong>\u00a0Teor\u00edas de la Personalidad, Teor\u00eda y Din\u00e1mica de Grupos y T\u00e9cnicas de la Comunicaci\u00f3n.<br \/><strong>8. Instrumental:<\/strong>\u00a0Metodolog\u00eda para la Comprensi\u00f3n y Elaboraci\u00f3n de Textos y Metodolog\u00eda de la Investigaci\u00f3n Filos\u00f3fica y Did\u00e1ctica Filos\u00f3fica.<\/p>\t\t\t\t\t\t<\/div>\n\t\t\t\t<\/div>\n\t\t\t\t\t<\/div>\n\t\t<\/div>\n\t\t\t\t\t\t\t<\/div>\n\t\t<\/section>\n\t\t\t\t<section class=\"elementor-section elementor-top-section elementor-element elementor-element-9fad3ce elementor-section-boxed elementor-section-height-default elementor-section-height-default\" data-id=\"9fad3ce\" data-element_type=\"section\" data-settings=\"{&quot;background_background&quot;:&quot;classic&quot;}\">\n\t\t\t\t\t\t<div class=\"elementor-container elementor-column-gap-default\">\n\t\t\t\t\t<div class=\"elementor-column elementor-col-100 elementor-top-column elementor-element elementor-element-c4517ad\" data-id=\"c4517ad\" data-element_type=\"column\">\n\t\t\t<div class=\"elementor-widget-wrap elementor-element-populated\">\n\t\t\t\t\t\t\t\t<div class=\"elementor-element elementor-element-09c9eaa elementor-widget elementor-widget-text-editor\" data-id=\"09c9eaa\" data-element_type=\"widget\" data-widget_type=\"text-editor.default\">\n\t\t\t\t<div class=\"elementor-widget-container\">\n\t\t\t\t\t\t\t<h3>Docentes:<\/h3><p>-Dr. Jos\u00e9 Rodrigo Alc\u00e1ntara Serrano.<\/p><p>-Dr. Esteban Arellano Garc\u00eda.<\/p><p>-Dr. Marco Arturo Castro Salas.<\/p><p>-Dr. H\u00e9ctor David Le\u00f3n Jim\u00e9nez.<\/p><p>-Dr. Jaime Torres Guill\u00e9n.<\/p><p>-Dr. \u00d3scar Valencia Mogoll\u00f3n.<\/p><p>-Nitro. Rafael Rivadeneyra Fentanes.<\/p><p>-Nitro. Luis Fernando Su\u00e1rez C\u00e1zares.<\/p>\t\t\t\t\t\t<\/div>\n\t\t\t\t<\/div>\n\t\t\t\t\t<\/div>\n\t\t<\/div>\n\t\t\t\t\t\t\t<\/div>\n\t\t<\/section>\n\t\t\t\t<section class=\"elementor-section elementor-top-section elementor-element elementor-element-e096890 elementor-section-boxed elementor-section-height-default elementor-section-height-default\" data-id=\"e096890\" data-element_type=\"section\">\n\t\t\t\t\t\t<div class=\"elementor-container elementor-column-gap-default\">\n\t\t\t\t\t<div class=\"elementor-column elementor-col-100 elementor-top-column elementor-element elementor-element-52260ab\" data-id=\"52260ab\" data-element_type=\"column\">\n\t\t\t<div class=\"elementor-widget-wrap elementor-element-populated\">\n\t\t\t\t\t\t\t\t<div class=\"elementor-element elementor-element-9f2dd72 elementor-widget elementor-widget-heading\" data-id=\"9f2dd72\" data-element_type=\"widget\" data-widget_type=\"heading.default\">\n\t\t\t\t<div class=\"elementor-widget-container\">\n\t\t\t<h2 class=\"elementor-heading-title elementor-size-default\"><a href=\"https:\/\/if.edu.mx\/Pruebax\/wp-content\/uploads\/2022\/04\/LFP_Precios2022.pdf\">M\u00c1S INFORMACI\u00d3N<\/a><\/h2>\t\t<\/div>\n\t\t\t\t<\/div>\n\t\t\t\t\t<\/div>\n\t\t<\/div>\n\t\t\t\t\t\t\t<\/div>\n\t\t<\/section>\n\t\t\t\t<section class=\"elementor-section elementor-top-section elementor-element elementor-element-97c9ac7 elementor-section-boxed elementor-section-height-default elementor-section-height-default\" data-id=\"97c9ac7\" data-element_type=\"section\">\n\t\t\t\t\t\t<div class=\"elementor-container elementor-column-gap-default\">\n\t\t\t\t\t<div class=\"elementor-column elementor-col-100 elementor-top-column elementor-element elementor-element-fe09977\" data-id=\"fe09977\" data-element_type=\"column\">\n\t\t\t<div class=\"elementor-widget-wrap elementor-element-populated\">\n\t\t\t\t\t\t\t\t<div class=\"elementor-element elementor-element-fab592d elementor-button-warning elementor-align-center elementor-widget elementor-widget-button\" data-id=\"fab592d\" data-element_type=\"widget\" data-widget_type=\"button.default\">\n\t\t\t\t<div class=\"elementor-widget-container\">\n\t\t\t\t\t<div class=\"elementor-button-wrapper\">\n\t\t\t<a href=\"https:\/\/if.edu.mx\/Pruebax\/wp-content\/uploads\/2022\/04\/Licenciatura-Escolarizada-Admision.pdf\" class=\"elementor-button-link elementor-button elementor-size-xl\" role=\"button\">\n\t\t\t\t\t\t<span class=\"elementor-button-content-wrapper\">\n\t\t\t\t\t\t<span class=\"elementor-button-text\">PROCESO DE ADMISI\u00d3N<\/span>\n\t\t<\/span>\n\t\t\t\t\t<\/a>\n\t\t<\/div>\n\t\t\t\t<\/div>\n\t\t\t\t<\/div>\n\t\t\t\t\t<\/div>\n\t\t<\/div>\n\t\t\t\t\t\t\t<\/div>\n\t\t<\/section>\n\t\t\t\t\t\t\t<\/div>\n\t\t","protected":false},"excerpt":{"rendered":"<p>Licenciatura Escolarizada en Filosof\u00eda Inicio 8 de agosto de 2022 (Presencial) Generalidades: Organiza:&nbsp;Instituto de Filosof\u00eda Destinatarios:\u00b7&nbsp;Para quien quiera formarse como profesional de le filosof\u00eda o para quien busque una formaci\u00f3n filos\u00f3fica s\u00f3lida que posibilite otros estudios y el desarrollo de competencias filos\u00f3ficas. Para quien requiera una educaci\u00f3n sistem\u00e1tica, coherente y abierta al pluralismo. Modalidad:&nbsp;Presencial Duraci\u00f3n:&nbsp;6 &hellip;<\/p>\n<p class=\"read-more\"> <a class=\"\" href=\"https:\/\/if.edu.mx\/Pruebax\/?page_id=3192\"> <span class=\"screen-reader-text\">Licenciatura Escolarizada<\/span> Leer m\u00e1s &raquo;<\/a><\/p>\n","protected":false},"author":1,"featured_media":0,"parent":0,"menu_order":1,"comment_status":"closed","ping_status":"closed","template":"","meta":{"site-sidebar-layout":"no-sidebar","site-content-layout":"page-builder","ast-main-header-display":"","ast-hfb-above-header-display":"","ast-hfb-below-header-display":"","ast-hfb-mobile-header-display":"","site-post-title":"disabled","ast-breadcrumbs-content":"","ast-featured-img":"disabled","footer-sml-layout":"","theme-transparent-header-meta":"default","adv-header-id-meta":"","stick-header-meta":"","header-above-stick-meta":"","header-main-stick-meta":"","header-below-stick-meta":"","footnotes":""},"class_list":["post-3192","page","type-page","status-publish","hentry"],"yoast_head":"<!-- This site is optimized with the Yoast SEO plugin v18.5.1 - https:\/\/yoast.com\/wordpress\/plugins\/seo\/ -->\n<title>Licenciatura Escolarizada - Pruebaxx<\/title>\n<meta name=\"robots\" content=\"index, follow, max-snippet:-1, max-image-preview:large, max-video-preview:-1\" \/>\n<link rel=\"canonical\" href=\"https:\/\/if.edu.mx\/Pruebax\/?page_id=3192\" \/>\n<meta property=\"og:locale\" content=\"es_ES\" \/>\n<meta property=\"og:type\" content=\"article\" \/>\n<meta property=\"og:title\" content=\"Licenciatura Escolarizada - Pruebaxx\" \/>\n<meta property=\"og:description\" content=\"Licenciatura Escolarizada en Filosof\u00eda Inicio 8 de agosto de 2022 (Presencial) Generalidades: Organiza:&nbsp;Instituto de Filosof\u00eda Destinatarios:\u00b7&nbsp;Para quien quiera formarse como profesional de le filosof\u00eda o para quien busque una formaci\u00f3n filos\u00f3fica s\u00f3lida que posibilite otros estudios y el desarrollo de competencias filos\u00f3ficas. Para quien requiera una educaci\u00f3n sistem\u00e1tica, coherente y abierta al pluralismo. Modalidad:&nbsp;Presencial Duraci\u00f3n:&nbsp;6 &hellip; Licenciatura Escolarizada Leer m\u00e1s &raquo;\" \/>\n<meta property=\"og:url\" content=\"https:\/\/if.edu.mx\/Pruebax\/?page_id=3192\" \/>\n<meta property=\"og:site_name\" content=\"Pruebaxx\" \/>\n<meta property=\"article:modified_time\" content=\"2022-04-19T01:26:09+00:00\" \/>\n<meta property=\"og:image\" content=\"https:\/\/if.edu.mx\/Pruebax\/wp-content\/uploads\/2022\/04\/Lic.-Escolarizada.jpg\" \/>\n<meta name=\"twitter:card\" content=\"summary_large_image\" \/>\n<meta name=\"twitter:label1\" content=\"Tiempo de lectura\" \/>\n\t<meta name=\"twitter:data1\" content=\"2 minutos\" \/>\n<script type=\"application\/ld+json\" class=\"yoast-schema-graph\">{\"@context\":\"https:\/\/schema.org\",\"@graph\":[{\"@type\":\"WebSite\",\"@id\":\"https:\/\/if.edu.mx\/Pruebax\/#website\",\"url\":\"https:\/\/if.edu.mx\/Pruebax\/\",\"name\":\"Pruebaxx\",\"description\":\"Instituto de Filosof\u00eda\",\"potentialAction\":[{\"@type\":\"SearchAction\",\"target\":{\"@type\":\"EntryPoint\",\"urlTemplate\":\"https:\/\/if.edu.mx\/Pruebax\/?s={search_term_string}\"},\"query-input\":\"required name=search_term_string\"}],\"inLanguage\":\"es\"},{\"@type\":\"ImageObject\",\"@id\":\"https:\/\/if.edu.mx\/Pruebax\/?page_id=3192#primaryimage\",\"inLanguage\":\"es\",\"url\":\"https:\/\/if.edu.mx\/Pruebax\/wp-content\/uploads\/2022\/04\/Lic.-Escolarizada.jpg\",\"contentUrl\":\"https:\/\/if.edu.mx\/Pruebax\/wp-content\/uploads\/2022\/04\/Lic.-Escolarizada.jpg\",\"width\":710,\"height\":473},{\"@type\":\"WebPage\",\"@id\":\"https:\/\/if.edu.mx\/Pruebax\/?page_id=3192#webpage\",\"url\":\"https:\/\/if.edu.mx\/Pruebax\/?page_id=3192\",\"name\":\"Licenciatura Escolarizada - Pruebaxx\",\"isPartOf\":{\"@id\":\"https:\/\/if.edu.mx\/Pruebax\/#website\"},\"primaryImageOfPage\":{\"@id\":\"https:\/\/if.edu.mx\/Pruebax\/?page_id=3192#primaryimage\"},\"datePublished\":\"2022-04-18T00:59:37+00:00\",\"dateModified\":\"2022-04-19T01:26:09+00:00\",\"breadcrumb\":{\"@id\":\"https:\/\/if.edu.mx\/Pruebax\/?page_id=3192#breadcrumb\"},\"inLanguage\":\"es\",\"potentialAction\":[{\"@type\":\"ReadAction\",\"target\":[\"https:\/\/if.edu.mx\/Pruebax\/?page_id=3192\"]}]},{\"@type\":\"BreadcrumbList\",\"@id\":\"https:\/\/if.edu.mx\/Pruebax\/?page_id=3192#breadcrumb\",\"itemListElement\":[{\"@type\":\"ListItem\",\"position\":1,\"name\":\"Portada\",\"item\":\"https:\/\/if.edu.mx\/Pruebax\/\"},{\"@type\":\"ListItem\",\"position\":2,\"name\":\"Licenciatura Escolarizada\"}]}]}<\/script>\n<!-- \/ Yoast SEO plugin. -->","yoast_head_json":{"title":"Licenciatura Escolarizada - Pruebaxx","robots":{"index":"index","follow":"follow","max-snippet":"max-snippet:-1","max-image-preview":"max-image-preview:large","max-video-preview":"max-video-preview:-1"},"canonical":"https:\/\/if.edu.mx\/Pruebax\/?page_id=3192","og_locale":"es_ES","og_type":"article","og_title":"Licenciatura Escolarizada - Pruebaxx","og_description":"Licenciatura Escolarizada en Filosof\u00eda Inicio 8 de agosto de 2022 (Presencial) Generalidades: Organiza:&nbsp;Instituto de Filosof\u00eda Destinatarios:\u00b7&nbsp;Para quien quiera formarse como profesional de le filosof\u00eda o para quien busque una formaci\u00f3n filos\u00f3fica s\u00f3lida que posibilite otros estudios y el desarrollo de competencias filos\u00f3ficas. Para quien requiera una educaci\u00f3n sistem\u00e1tica, coherente y abierta al pluralismo. Modalidad:&nbsp;Presencial Duraci\u00f3n:&nbsp;6 &hellip; Licenciatura Escolarizada Leer m\u00e1s &raquo;","og_url":"https:\/\/if.edu.mx\/Pruebax\/?page_id=3192","og_site_name":"Pruebaxx","article_modified_time":"2022-04-19T01:26:09+00:00","og_image":[{"url":"https:\/\/if.edu.mx\/Pruebax\/wp-content\/uploads\/2022\/04\/Lic.-Escolarizada.jpg"}],"twitter_card":"summary_large_image","twitter_misc":{"Tiempo de lectura":"2 minutos"},"schema":{"@context":"https:\/\/schema.org","@graph":[{"@type":"WebSite","@id":"https:\/\/if.edu.mx\/Pruebax\/#website","url":"https:\/\/if.edu.mx\/Pruebax\/","name":"Pruebaxx","description":"Instituto de Filosof\u00eda","potentialAction":[{"@type":"SearchAction","target":{"@type":"EntryPoint","urlTemplate":"https:\/\/if.edu.mx\/Pruebax\/?s={search_term_string}"},"query-input":"required name=search_term_string"}],"inLanguage":"es"},{"@type":"ImageObject","@id":"https:\/\/if.edu.mx\/Pruebax\/?page_id=3192#primaryimage","inLanguage":"es","url":"https:\/\/if.edu.mx\/Pruebax\/wp-content\/uploads\/2022\/04\/Lic.-Escolarizada.jpg","contentUrl":"https:\/\/if.edu.mx\/Pruebax\/wp-content\/uploads\/2022\/04\/Lic.-Escolarizada.jpg","width":710,"height":473},{"@type":"WebPage","@id":"https:\/\/if.edu.mx\/Pruebax\/?page_id=3192#webpage","url":"https:\/\/if.edu.mx\/Pruebax\/?page_id=3192","name":"Licenciatura Escolarizada - Pruebaxx","isPartOf":{"@id":"https:\/\/if.edu.mx\/Pruebax\/#website"},"primaryImageOfPage":{"@id":"https:\/\/if.edu.mx\/Pruebax\/?page_id=3192#primaryimage"},"datePublished":"2022-04-18T00:59:37+00:00","dateModified":"2022-04-19T01:26:09+00:00","breadcrumb":{"@id":"https:\/\/if.edu.mx\/Pruebax\/?page_id=3192#breadcrumb"},"inLanguage":"es","potentialAction":[{"@type":"ReadAction","target":["https:\/\/if.edu.mx\/Pruebax\/?page_id=3192"]}]},{"@type":"BreadcrumbList","@id":"https:\/\/if.edu.mx\/Pruebax\/?page_id=3192#breadcrumb","itemListElement":[{"@type":"ListItem","position":1,"name":"Portada","item":"https:\/\/if.edu.mx\/Pruebax\/"},{"@type":"ListItem","position":2,"name":"Licenciatura Escolarizada"}]}]}},"_links":{"self":[{"href":"https:\/\/if.edu.mx\/Pruebax\/index.php?rest_route=\/wp\/v2\/pages\/3192","targetHints":{"allow":["GET"]}}],"collection":[{"href":"https:\/\/if.edu.mx\/Pruebax\/index.php?rest_route=\/wp\/v2\/pages"}],"about":[{"href":"https:\/\/if.edu.mx\/Pruebax\/index.php?rest_route=\/wp\/v2\/types\/page"}],"author":[{"embeddable":true,"href":"https:\/\/if.edu.mx\/Pruebax\/index.php?rest_route=\/wp\/v2\/users\/1"}],"replies":[{"embeddable":true,"href":"https:\/\/if.edu.mx\/Pruebax\/index.php?rest_route=%2Fwp%2Fv2%2Fcomments&post=3192"}],"version-history":[{"count":61,"href":"https:\/\/if.edu.mx\/Pruebax\/index.php?rest_route=\/wp\/v2\/pages\/3192\/revisions"}],"predecessor-version":[{"id":3263,"href":"https:\/\/if.edu.mx\/Pruebax\/index.php?rest_route=\/wp\/v2\/pages\/3192\/revisions\/3263"}],"wp:attachment":[{"href":"https:\/\/if.edu.mx\/Pruebax\/index.php?rest_route=%2Fwp%2Fv2%2Fmedia&parent=3192"}],"curies":[{"name":"wp","href":"https:\/\/api.w.org\/{rel}","templated":true}]}}