{"id":2351,"date":"2022-04-13T01:48:07","date_gmt":"2022-04-13T01:48:07","guid":{"rendered":"https:\/\/if.edu.mx\/Pruebax\/?page_id=2351"},"modified":"2022-04-13T02:55:53","modified_gmt":"2022-04-13T02:55:53","slug":"donativos","status":"publish","type":"page","link":"https:\/\/if.edu.mx\/Pruebax\/?page_id=2351","title":{"rendered":"Donativos"},"content":{"rendered":"\t\t<div data-elementor-type=\"wp-page\" data-elementor-id=\"2351\" class=\"elementor elementor-2351\">\n\t\t\t\t\t\t\t\t\t<section class=\"elementor-section elementor-top-section elementor-element elementor-element-637f4ad6 elementor-section-boxed elementor-section-height-default elementor-section-height-default\" data-id=\"637f4ad6\" data-element_type=\"section\" data-settings=\"{&quot;background_background&quot;:&quot;classic&quot;}\">\n\t\t\t\t\t\t<div class=\"elementor-container elementor-column-gap-default\">\n\t\t\t\t\t<div class=\"elementor-column elementor-col-50 elementor-top-column elementor-element elementor-element-7c1fb16\" data-id=\"7c1fb16\" data-element_type=\"column\">\n\t\t\t<div class=\"elementor-widget-wrap elementor-element-populated\">\n\t\t\t\t\t\t\t\t<div class=\"elementor-element elementor-element-b823cdf elementor-widget elementor-widget-image\" data-id=\"b823cdf\" data-element_type=\"widget\" data-widget_type=\"image.default\">\n\t\t\t\t<div class=\"elementor-widget-container\">\n\t\t\t<style>\/*! elementor - v3.6.4 - 13-04-2022 *\/\n.elementor-widget-image{text-align:center}.elementor-widget-image a{display:inline-block}.elementor-widget-image a img[src$=\".svg\"]{width:48px}.elementor-widget-image img{vertical-align:middle;display:inline-block}<\/style>\t\t\t\t\t\t\t\t\t\t\t\t<img loading=\"lazy\" decoding=\"async\" width=\"201\" height=\"200\" src=\"https:\/\/if.edu.mx\/Pruebax\/wp-content\/uploads\/2022\/04\/donar-14.png\" class=\"attachment-large size-large\" alt=\"\" srcset=\"https:\/\/if.edu.mx\/Pruebax\/wp-content\/uploads\/2022\/04\/donar-14.png 201w, https:\/\/if.edu.mx\/Pruebax\/wp-content\/uploads\/2022\/04\/donar-14-150x150.png 150w\" sizes=\"auto, (max-width: 201px) 100vw, 201px\" \/>\t\t\t\t\t\t\t\t\t\t\t\t\t\t\t<\/div>\n\t\t\t\t<\/div>\n\t\t\t\t\t<\/div>\n\t\t<\/div>\n\t\t\t\t<div class=\"elementor-column elementor-col-50 elementor-top-column elementor-element elementor-element-138a853\" data-id=\"138a853\" data-element_type=\"column\">\n\t\t\t<div class=\"elementor-widget-wrap elementor-element-populated\">\n\t\t\t\t\t\t\t\t<div class=\"elementor-element elementor-element-b2d2ce1 elementor-widget elementor-widget-text-editor\" data-id=\"b2d2ce1\" data-element_type=\"widget\" data-widget_type=\"text-editor.default\">\n\t\t\t\t<div class=\"elementor-widget-container\">\n\t\t\t<style>\/*! elementor - v3.6.4 - 13-04-2022 *\/\n.elementor-widget-text-editor.elementor-drop-cap-view-stacked .elementor-drop-cap{background-color:#818a91;color:#fff}.elementor-widget-text-editor.elementor-drop-cap-view-framed .elementor-drop-cap{color:#818a91;border:3px solid;background-color:transparent}.elementor-widget-text-editor:not(.elementor-drop-cap-view-default) .elementor-drop-cap{margin-top:8px}.elementor-widget-text-editor:not(.elementor-drop-cap-view-default) .elementor-drop-cap-letter{width:1em;height:1em}.elementor-widget-text-editor .elementor-drop-cap{float:left;text-align:center;line-height:1;font-size:50px}.elementor-widget-text-editor .elementor-drop-cap-letter{display:inline-block}<\/style>\t\t\t\t<h4><span style=\"color: #33cccc;\">Donativos:<\/span><\/h4><p><span style=\"color: #ffffff;\">El Instituto de Filosof\u00eda, como asociaci\u00f3n civil, cuenta con autorizaci\u00f3n oficial para recibir donativos y expedir recibos deducibles de impuestos.<\/span><\/p><p><span style=\"color: #ffffff;\">Toda ayuda para alcanzar los objetivos de fortalecimiento institucional es bienvenida. Nos puedes apoyar de diversas formas:<\/span><\/p>\t\t\t\t\t\t<\/div>\n\t\t\t\t<\/div>\n\t\t\t\t\t<\/div>\n\t\t<\/div>\n\t\t\t\t\t\t\t<\/div>\n\t\t<\/section>\n\t\t\t\t<section class=\"elementor-section elementor-top-section elementor-element elementor-element-38f868c2 elementor-section-boxed elementor-section-height-default elementor-section-height-default\" data-id=\"38f868c2\" data-element_type=\"section\">\n\t\t\t\t\t\t<div class=\"elementor-container elementor-column-gap-default\">\n\t\t\t\t\t<div class=\"elementor-column elementor-col-100 elementor-top-column elementor-element elementor-element-43b5cfdd\" data-id=\"43b5cfdd\" data-element_type=\"column\">\n\t\t\t<div class=\"elementor-widget-wrap elementor-element-populated\">\n\t\t\t\t\t\t\t\t<div class=\"elementor-element elementor-element-cf767a6 elementor-invisible elementor-widget elementor-widget-accordion\" data-id=\"cf767a6\" data-element_type=\"widget\" data-settings=\"{&quot;_animation&quot;:&quot;fadeIn&quot;}\" data-widget_type=\"accordion.default\">\n\t\t\t\t<div class=\"elementor-widget-container\">\n\t\t\t<style>\/*! elementor - v3.6.4 - 13-04-2022 *\/\n.elementor-accordion{text-align:left}.elementor-accordion .elementor-accordion-item{border:1px solid #d4d4d4}.elementor-accordion .elementor-accordion-item+.elementor-accordion-item{border-top:none}.elementor-accordion .elementor-tab-title{margin:0;padding:15px 20px;font-weight:700;line-height:1;cursor:pointer;outline:none}.elementor-accordion .elementor-tab-title .elementor-accordion-icon{display:inline-block;width:1.5em}.elementor-accordion .elementor-tab-title .elementor-accordion-icon svg{width:1em;height:1em}.elementor-accordion .elementor-tab-title .elementor-accordion-icon.elementor-accordion-icon-right{float:right;text-align:right}.elementor-accordion .elementor-tab-title .elementor-accordion-icon.elementor-accordion-icon-left{float:left;text-align:left}.elementor-accordion .elementor-tab-title .elementor-accordion-icon .elementor-accordion-icon-closed{display:block}.elementor-accordion .elementor-tab-title .elementor-accordion-icon .elementor-accordion-icon-opened,.elementor-accordion .elementor-tab-title.elementor-active .elementor-accordion-icon-closed{display:none}.elementor-accordion .elementor-tab-title.elementor-active .elementor-accordion-icon-opened{display:block}.elementor-accordion .elementor-tab-content{display:none;padding:15px 20px;border-top:1px solid #d4d4d4}@media (max-width:767px){.elementor-accordion .elementor-tab-title{padding:12px 15px}.elementor-accordion .elementor-tab-title .elementor-accordion-icon{width:1.2em}.elementor-accordion .elementor-tab-content{padding:7px 15px}}<\/style>\t\t<div class=\"elementor-accordion\" role=\"tablist\">\n\t\t\t\t\t\t\t<div class=\"elementor-accordion-item\">\n\t\t\t\t\t<div id=\"elementor-tab-title-2171\" class=\"elementor-tab-title\" data-tab=\"1\" role=\"tab\" aria-controls=\"elementor-tab-content-2171\" aria-expanded=\"false\">\n\t\t\t\t\t\t\t\t\t\t\t\t\t<span class=\"elementor-accordion-icon elementor-accordion-icon-left\" aria-hidden=\"true\">\n\t\t\t\t\t\t\t\t\t\t\t\t\t\t\t<span class=\"elementor-accordion-icon-closed\"><i class=\"fas fa-plus\"><\/i><\/span>\n\t\t\t\t\t\t\t\t<span class=\"elementor-accordion-icon-opened\"><i class=\"fas fa-minus\"><\/i><\/span>\n\t\t\t\t\t\t\t\t\t\t\t\t\t\t<\/span>\n\t\t\t\t\t\t\t\t\t\t\t\t<a class=\"elementor-accordion-title\" href=\"\">Haciendo donativos directos en efectivo y en especie<\/a>\n\t\t\t\t\t<\/div>\n\t\t\t\t\t<div id=\"elementor-tab-content-2171\" class=\"elementor-tab-content elementor-clearfix\" data-tab=\"1\" role=\"tabpanel\" aria-labelledby=\"elementor-tab-title-2171\"><p>Preg\u00fantanos, nosotros te decimos c\u00f3mo.\u00a0\u00a0<\/p><\/div>\n\t\t\t\t<\/div>\n\t\t\t\t\t\t\t<div class=\"elementor-accordion-item\">\n\t\t\t\t\t<div id=\"elementor-tab-title-2172\" class=\"elementor-tab-title\" data-tab=\"2\" role=\"tab\" aria-controls=\"elementor-tab-content-2172\" aria-expanded=\"false\">\n\t\t\t\t\t\t\t\t\t\t\t\t\t<span class=\"elementor-accordion-icon elementor-accordion-icon-left\" aria-hidden=\"true\">\n\t\t\t\t\t\t\t\t\t\t\t\t\t\t\t<span class=\"elementor-accordion-icon-closed\"><i class=\"fas fa-plus\"><\/i><\/span>\n\t\t\t\t\t\t\t\t<span class=\"elementor-accordion-icon-opened\"><i class=\"fas fa-minus\"><\/i><\/span>\n\t\t\t\t\t\t\t\t\t\t\t\t\t\t<\/span>\n\t\t\t\t\t\t\t\t\t\t\t\t<a class=\"elementor-accordion-title\" href=\"\">Captando nuevos donantes<\/a>\n\t\t\t\t\t<\/div>\n\t\t\t\t\t<div id=\"elementor-tab-content-2172\" class=\"elementor-tab-content elementor-clearfix\" data-tab=\"2\" role=\"tabpanel\" aria-labelledby=\"elementor-tab-title-2172\"><p><span style=\"font-size: 1rem; margin: 0px; padding: 0px; border: 0px; outline: 0px; background: 0px 0px #f4f4f4; vertical-align: baseline; text-size-adjust: 100%; color: #474747; font-family: 'Roboto Slab', Georgia, 'Times New Roman', serif;\">T<\/span><span style=\"font-size: 1rem; margin: 0px; padding: 0px; border: 0px; outline: 0px; background: 0px 0px #f4f4f4; vertical-align: baseline; text-size-adjust: 100%; color: #474747; font-family: 'Roboto Slab', Georgia, 'Times New Roman', serif;\">\u00fa puedes acercarnos a potenciales benefactores que se identifiquen con nuestra obra intercongregacional.\u00a0<span style=\"margin: 0px; padding: 0px; border: 0px; outline: 0px; background: 0px 0px; vertical-align: baseline; text-size-adjust: 100%; font-weight: bold;\">\u00a1Necesitamos de tu amistad solidaria!\u00a0<\/span><\/span><\/p><\/div>\n\t\t\t\t<\/div>\n\t\t\t\t\t\t\t<div class=\"elementor-accordion-item\">\n\t\t\t\t\t<div id=\"elementor-tab-title-2173\" class=\"elementor-tab-title\" data-tab=\"3\" role=\"tab\" aria-controls=\"elementor-tab-content-2173\" aria-expanded=\"false\">\n\t\t\t\t\t\t\t\t\t\t\t\t\t<span class=\"elementor-accordion-icon elementor-accordion-icon-left\" aria-hidden=\"true\">\n\t\t\t\t\t\t\t\t\t\t\t\t\t\t\t<span class=\"elementor-accordion-icon-closed\"><i class=\"fas fa-plus\"><\/i><\/span>\n\t\t\t\t\t\t\t\t<span class=\"elementor-accordion-icon-opened\"><i class=\"fas fa-minus\"><\/i><\/span>\n\t\t\t\t\t\t\t\t\t\t\t\t\t\t<\/span>\n\t\t\t\t\t\t\t\t\t\t\t\t<a class=\"elementor-accordion-title\" href=\"\">Patrocinando eventos acad\u00e9micos<\/a>\n\t\t\t\t\t<\/div>\n\t\t\t\t\t<div id=\"elementor-tab-content-2173\" class=\"elementor-tab-content elementor-clearfix\" data-tab=\"3\" role=\"tabpanel\" aria-labelledby=\"elementor-tab-title-2173\"><p>Siendo patrocinador o ayud\u00e1ndonos a encontrarlos.<\/p><\/div>\n\t\t\t\t<\/div>\n\t\t\t\t\t\t\t<div class=\"elementor-accordion-item\">\n\t\t\t\t\t<div id=\"elementor-tab-title-2174\" class=\"elementor-tab-title\" data-tab=\"4\" role=\"tab\" aria-controls=\"elementor-tab-content-2174\" aria-expanded=\"false\">\n\t\t\t\t\t\t\t\t\t\t\t\t\t<span class=\"elementor-accordion-icon elementor-accordion-icon-left\" aria-hidden=\"true\">\n\t\t\t\t\t\t\t\t\t\t\t\t\t\t\t<span class=\"elementor-accordion-icon-closed\"><i class=\"fas fa-plus\"><\/i><\/span>\n\t\t\t\t\t\t\t\t<span class=\"elementor-accordion-icon-opened\"><i class=\"fas fa-minus\"><\/i><\/span>\n\t\t\t\t\t\t\t\t\t\t\t\t\t\t<\/span>\n\t\t\t\t\t\t\t\t\t\t\t\t<a class=\"elementor-accordion-title\" href=\"\">Adquiriendo y promocionando nuestros productos editoriales<\/a>\n\t\t\t\t\t<\/div>\n\t\t\t\t\t<div id=\"elementor-tab-content-2174\" class=\"elementor-tab-content elementor-clearfix\" data-tab=\"4\" role=\"tabpanel\" aria-labelledby=\"elementor-tab-title-2174\"><p>Suscribi\u00e9ndote a la revista Piezas en di\u00e1logo Filosof\u00eda y Ciencias Humanas, adquiriendo nuestros Manuales y libros de producci\u00f3n propia.\u00a0<\/p><\/div>\n\t\t\t\t<\/div>\n\t\t\t\t\t\t\t<div class=\"elementor-accordion-item\">\n\t\t\t\t\t<div id=\"elementor-tab-title-2175\" class=\"elementor-tab-title\" data-tab=\"5\" role=\"tab\" aria-controls=\"elementor-tab-content-2175\" aria-expanded=\"false\">\n\t\t\t\t\t\t\t\t\t\t\t\t\t<span class=\"elementor-accordion-icon elementor-accordion-icon-left\" aria-hidden=\"true\">\n\t\t\t\t\t\t\t\t\t\t\t\t\t\t\t<span class=\"elementor-accordion-icon-closed\"><i class=\"fas fa-plus\"><\/i><\/span>\n\t\t\t\t\t\t\t\t<span class=\"elementor-accordion-icon-opened\"><i class=\"fas fa-minus\"><\/i><\/span>\n\t\t\t\t\t\t\t\t\t\t\t\t\t\t<\/span>\n\t\t\t\t\t\t\t\t\t\t\t\t<a class=\"elementor-accordion-title\" href=\"\">Apoyando en la promoci\u00f3n de nuestra oferta acad\u00e9mica y educaci\u00f3n continua<\/a>\n\t\t\t\t\t<\/div>\n\t\t\t\t\t<div id=\"elementor-tab-content-2175\" class=\"elementor-tab-content elementor-clearfix\" data-tab=\"5\" role=\"tabpanel\" aria-labelledby=\"elementor-tab-title-2175\"><p>La Licenciatura en Filosof\u00eda en sus modalidades escolarizada y no escolarizada en l\u00ednea, cursos cortos, talleres, seminarios y diplomados, entre variadas opciones.<\/p><\/div>\n\t\t\t\t<\/div>\n\t\t\t\t\t\t\t<div class=\"elementor-accordion-item\">\n\t\t\t\t\t<div id=\"elementor-tab-title-2176\" class=\"elementor-tab-title\" data-tab=\"6\" role=\"tab\" aria-controls=\"elementor-tab-content-2176\" aria-expanded=\"false\">\n\t\t\t\t\t\t\t\t\t\t\t\t\t<span class=\"elementor-accordion-icon elementor-accordion-icon-left\" aria-hidden=\"true\">\n\t\t\t\t\t\t\t\t\t\t\t\t\t\t\t<span class=\"elementor-accordion-icon-closed\"><i class=\"fas fa-plus\"><\/i><\/span>\n\t\t\t\t\t\t\t\t<span class=\"elementor-accordion-icon-opened\"><i class=\"fas fa-minus\"><\/i><\/span>\n\t\t\t\t\t\t\t\t\t\t\t\t\t\t<\/span>\n\t\t\t\t\t\t\t\t\t\t\t\t<a class=\"elementor-accordion-title\" href=\"\">Sum\u00e1ndote a nuestra campa\u00f1a permanente de recaudaci\u00f3n de fondos, \u201cDale alas al colibr\u00ed\u201d    <\/a>\n\t\t\t\t\t<\/div>\n\t\t\t\t\t<div id=\"elementor-tab-content-2176\" class=\"elementor-tab-content elementor-clearfix\" data-tab=\"6\" role=\"tabpanel\" aria-labelledby=\"elementor-tab-title-2176\"><p>\u00a0Para el fortalecimiento de los procesos de ense\u00f1anza y el apoyo con becas a religiosos aspirantes a sacerdotes y laicos de escasos recursos. Las aportaciones pueden ser v\u00eda PayPal, dep\u00f3sito a cuenta bancaria o donativo en efectivo con recolecci\u00f3n a domicilio. Confiamos en tu buena voluntad, con tu valiosa aportaci\u00f3n podremos continuar y fortalecer nuestra obra intercongregacional.<\/p><\/div>\n\t\t\t\t<\/div>\n\t\t\t\t\t\t\t\t<\/div>\n\t\t\t\t<\/div>\n\t\t\t\t<\/div>\n\t\t\t\t\t<\/div>\n\t\t<\/div>\n\t\t\t\t\t\t\t<\/div>\n\t\t<\/section>\n\t\t\t\t<section class=\"elementor-section elementor-top-section elementor-element elementor-element-20e3699 elementor-section-boxed elementor-section-height-default elementor-section-height-default\" data-id=\"20e3699\" data-element_type=\"section\" data-settings=\"{&quot;background_background&quot;:&quot;classic&quot;}\">\n\t\t\t\t\t\t<div class=\"elementor-container elementor-column-gap-default\">\n\t\t\t\t\t<div class=\"elementor-column elementor-col-33 elementor-top-column elementor-element elementor-element-8167f21\" data-id=\"8167f21\" data-element_type=\"column\">\n\t\t\t<div class=\"elementor-widget-wrap elementor-element-populated\">\n\t\t\t\t\t\t\t\t<div class=\"elementor-element elementor-element-930ba9c elementor-widget elementor-widget-text-editor\" data-id=\"930ba9c\" data-element_type=\"widget\" data-widget_type=\"text-editor.default\">\n\t\t\t\t<div class=\"elementor-widget-container\">\n\t\t\t\t\t\t\t<div class=\"et_pb_module et_pb_blurb et_pb_blurb_7 et_pb_bg_layout_dark et_pb_text_align_left et_pb_blurb_position_top\"><div class=\"et_pb_blurb_content\"><div class=\"et_pb_blurb_container\"><div class=\"et_pb_blurb_description\"><h4>Dep\u00f3sitos Bancarios<\/h4><p><strong>BANORTE\u00a0<\/strong><br \/>Instituto de Filosof\u00eda, A.C.\u00a0<br \/>Referenciados: No. Empresa 33693 Ref. 800\u00a0<br \/>Transferencia: CLABE: 072 320 005176707079 2<\/p><\/div><\/div><\/div><\/div>\t\t\t\t\t\t<\/div>\n\t\t\t\t<\/div>\n\t\t\t\t\t<\/div>\n\t\t<\/div>\n\t\t\t\t<div class=\"elementor-column elementor-col-33 elementor-top-column elementor-element elementor-element-1580496\" data-id=\"1580496\" data-element_type=\"column\">\n\t\t\t<div class=\"elementor-widget-wrap elementor-element-populated\">\n\t\t\t\t\t\t\t\t<div class=\"elementor-element elementor-element-083bcec elementor-widget elementor-widget-text-editor\" data-id=\"083bcec\" data-element_type=\"widget\" data-widget_type=\"text-editor.default\">\n\t\t\t\t<div class=\"elementor-widget-container\">\n\t\t\t\t\t\t\t<div class=\"et_pb_module et_pb_text et_pb_text_1 et_pb_bg_layout_light et_pb_text_align_left\"><div class=\"et_pb_text_inner\"><h4><strong>Dona con PayPal<\/strong><\/h4><\/div><\/div><div class=\"et_pb_module et_pb_code et_pb_code_0 et_pb_text_align_left\"><div class=\"et_pb_code_inner\"><form action=\"https:\/\/www.paypal.com\/cgi-bin\/webscr\" method=\"post\" target=\"_top\"><input alt=\"PayPal, la forma m\u00e1s segura y r\u00e1pida de pagar en l\u00ednea.\" name=\"submit\" src=\"https:\/\/www.paypalobjects.com\/es_XC\/MX\/i\/btn\/btn_donateCC_LG.gif\" type=\"image\" \/>\u00a0<img loading=\"lazy\" decoding=\"async\" src=\"https:\/\/www.paypalobjects.com\/es_XC\/i\/scr\/pixel.gif\" alt=\"\" width=\"1\" height=\"1\" border=\"0\" \/><\/form><\/div><\/div><div class=\"et_pb_module et_pb_code et_pb_code_1 et_pb_text_align_left\"><div class=\"et_pb_code_inner\"><form action=\"https:\/\/www.paypal.com\/cgi-bin\/webscr\" method=\"post\" target=\"_top\"><p>\u00a0<\/p><\/form><\/div><\/div>\t\t\t\t\t\t<\/div>\n\t\t\t\t<\/div>\n\t\t\t\t\t<\/div>\n\t\t<\/div>\n\t\t\t\t<div class=\"elementor-column elementor-col-33 elementor-top-column elementor-element elementor-element-3040d03\" data-id=\"3040d03\" data-element_type=\"column\">\n\t\t\t<div class=\"elementor-widget-wrap elementor-element-populated\">\n\t\t\t\t\t\t\t\t<div class=\"elementor-element elementor-element-26a2f7e elementor-widget elementor-widget-text-editor\" data-id=\"26a2f7e\" data-element_type=\"widget\" data-widget_type=\"text-editor.default\">\n\t\t\t\t<div class=\"elementor-widget-container\">\n\t\t\t\t\t\t\t<table style=\"height: 80px;\" width=\"363\"><tbody><tr><td><h4><strong>Donativo Mensual<\/strong><\/h4><\/td><\/tr><tr><td><select name=\"os0\"><option value=\"Donativo 1\">Donativo 1 : $500.00 MXN &#8211; mensual<\/option><option value=\"Donativo 2\">Donativo 2 : $1,000.00 MXN &#8211; mensual<\/option><option value=\"Donativo 3\">Donativo 3 : $2,500.00 MXN &#8211; mensual<\/option><option value=\"Donativo 4\">Donativo 4 : $5,000.00 MXN &#8211; mensual<\/option><\/select><\/td><\/tr><\/tbody><\/table><p><input alt=\"PayPal, la forma m\u00e1s segura y r\u00e1pida de pagar en l\u00ednea.\" name=\"submit\" src=\"https:\/\/www.paypalobjects.com\/es_XC\/MX\/i\/btn\/btn_subscribeCC_LG.gif\" type=\"image\" \/>\u00a0<\/p>\t\t\t\t\t\t<\/div>\n\t\t\t\t<\/div>\n\t\t\t\t\t<\/div>\n\t\t<\/div>\n\t\t\t\t\t\t\t<\/div>\n\t\t<\/section>\n\t\t\t\t\t\t\t<\/div>\n\t\t","protected":false},"excerpt":{"rendered":"<p>Donativos: El Instituto de Filosof\u00eda, como asociaci\u00f3n civil, cuenta con autorizaci\u00f3n oficial para recibir donativos y expedir recibos deducibles de impuestos. Toda ayuda para alcanzar los objetivos de fortalecimiento institucional es bienvenida. Nos puedes apoyar de diversas formas: Haciendo donativos directos en efectivo y en especie Preg\u00fantanos, nosotros te decimos c\u00f3mo.\u00a0\u00a0 Captando nuevos donantes T\u00fa &hellip;<\/p>\n<p class=\"read-more\"> <a class=\"\" href=\"https:\/\/if.edu.mx\/Pruebax\/?page_id=2351\"> <span class=\"screen-reader-text\">Donativos<\/span> Leer m\u00e1s &raquo;<\/a><\/p>\n","protected":false},"author":1,"featured_media":0,"parent":0,"menu_order":0,"comment_status":"closed","ping_status":"closed","template":"","meta":{"site-sidebar-layout":"no-sidebar","site-content-layout":"page-builder","ast-main-header-display":"","ast-hfb-above-header-display":"","ast-hfb-below-header-display":"","ast-hfb-mobile-header-display":"","site-post-title":"disabled","ast-breadcrumbs-content":"","ast-featured-img":"disabled","footer-sml-layout":"","theme-transparent-header-meta":"default","adv-header-id-meta":"","stick-header-meta":"","header-above-stick-meta":"","header-main-stick-meta":"","header-below-stick-meta":"","footnotes":""},"class_list":["post-2351","page","type-page","status-publish","hentry"],"yoast_head":"<!-- This site is optimized with the Yoast SEO plugin v18.5.1 - https:\/\/yoast.com\/wordpress\/plugins\/seo\/ -->\n<title>Donativos - Pruebaxx<\/title>\n<meta name=\"robots\" content=\"index, follow, max-snippet:-1, max-image-preview:large, max-video-preview:-1\" \/>\n<link rel=\"canonical\" href=\"https:\/\/if.edu.mx\/Pruebax\/?page_id=2351\" \/>\n<meta property=\"og:locale\" content=\"es_ES\" \/>\n<meta property=\"og:type\" content=\"article\" \/>\n<meta property=\"og:title\" content=\"Donativos - Pruebaxx\" \/>\n<meta property=\"og:description\" content=\"Donativos: El Instituto de Filosof\u00eda, como asociaci\u00f3n civil, cuenta con autorizaci\u00f3n oficial para recibir donativos y expedir recibos deducibles de impuestos. Toda ayuda para alcanzar los objetivos de fortalecimiento institucional es bienvenida. Nos puedes apoyar de diversas formas: Haciendo donativos directos en efectivo y en especie Preg\u00fantanos, nosotros te decimos c\u00f3mo.\u00a0\u00a0 Captando nuevos donantes T\u00fa &hellip; Donativos Leer m\u00e1s &raquo;\" \/>\n<meta property=\"og:url\" content=\"https:\/\/if.edu.mx\/Pruebax\/?page_id=2351\" \/>\n<meta property=\"og:site_name\" content=\"Pruebaxx\" \/>\n<meta property=\"article:modified_time\" content=\"2022-04-13T02:55:53+00:00\" \/>\n<meta property=\"og:image\" content=\"https:\/\/if.edu.mx\/Pruebax\/wp-content\/uploads\/2022\/04\/donar-14.png\" \/>\n<meta name=\"twitter:card\" content=\"summary_large_image\" \/>\n<meta name=\"twitter:label1\" content=\"Tiempo de lectura\" \/>\n\t<meta name=\"twitter:data1\" content=\"2 minutos\" \/>\n<script type=\"application\/ld+json\" class=\"yoast-schema-graph\">{\"@context\":\"https:\/\/schema.org\",\"@graph\":[{\"@type\":\"WebSite\",\"@id\":\"https:\/\/if.edu.mx\/Pruebax\/#website\",\"url\":\"https:\/\/if.edu.mx\/Pruebax\/\",\"name\":\"Pruebaxx\",\"description\":\"Instituto de Filosof\u00eda\",\"potentialAction\":[{\"@type\":\"SearchAction\",\"target\":{\"@type\":\"EntryPoint\",\"urlTemplate\":\"https:\/\/if.edu.mx\/Pruebax\/?s={search_term_string}\"},\"query-input\":\"required name=search_term_string\"}],\"inLanguage\":\"es\"},{\"@type\":\"ImageObject\",\"@id\":\"https:\/\/if.edu.mx\/Pruebax\/?page_id=2351#primaryimage\",\"inLanguage\":\"es\",\"url\":\"https:\/\/if.edu.mx\/Pruebax\/wp-content\/uploads\/2022\/04\/donar-14.png\",\"contentUrl\":\"https:\/\/if.edu.mx\/Pruebax\/wp-content\/uploads\/2022\/04\/donar-14.png\",\"width\":201,\"height\":200},{\"@type\":\"WebPage\",\"@id\":\"https:\/\/if.edu.mx\/Pruebax\/?page_id=2351#webpage\",\"url\":\"https:\/\/if.edu.mx\/Pruebax\/?page_id=2351\",\"name\":\"Donativos - Pruebaxx\",\"isPartOf\":{\"@id\":\"https:\/\/if.edu.mx\/Pruebax\/#website\"},\"primaryImageOfPage\":{\"@id\":\"https:\/\/if.edu.mx\/Pruebax\/?page_id=2351#primaryimage\"},\"datePublished\":\"2022-04-13T01:48:07+00:00\",\"dateModified\":\"2022-04-13T02:55:53+00:00\",\"breadcrumb\":{\"@id\":\"https:\/\/if.edu.mx\/Pruebax\/?page_id=2351#breadcrumb\"},\"inLanguage\":\"es\",\"potentialAction\":[{\"@type\":\"ReadAction\",\"target\":[\"https:\/\/if.edu.mx\/Pruebax\/?page_id=2351\"]}]},{\"@type\":\"BreadcrumbList\",\"@id\":\"https:\/\/if.edu.mx\/Pruebax\/?page_id=2351#breadcrumb\",\"itemListElement\":[{\"@type\":\"ListItem\",\"position\":1,\"name\":\"Portada\",\"item\":\"https:\/\/if.edu.mx\/Pruebax\/\"},{\"@type\":\"ListItem\",\"position\":2,\"name\":\"Donativos\"}]}]}<\/script>\n<!-- \/ Yoast SEO plugin. -->","yoast_head_json":{"title":"Donativos - Pruebaxx","robots":{"index":"index","follow":"follow","max-snippet":"max-snippet:-1","max-image-preview":"max-image-preview:large","max-video-preview":"max-video-preview:-1"},"canonical":"https:\/\/if.edu.mx\/Pruebax\/?page_id=2351","og_locale":"es_ES","og_type":"article","og_title":"Donativos - Pruebaxx","og_description":"Donativos: El Instituto de Filosof\u00eda, como asociaci\u00f3n civil, cuenta con autorizaci\u00f3n oficial para recibir donativos y expedir recibos deducibles de impuestos. Toda ayuda para alcanzar los objetivos de fortalecimiento institucional es bienvenida. Nos puedes apoyar de diversas formas: Haciendo donativos directos en efectivo y en especie Preg\u00fantanos, nosotros te decimos c\u00f3mo.\u00a0\u00a0 Captando nuevos donantes T\u00fa &hellip; Donativos Leer m\u00e1s &raquo;","og_url":"https:\/\/if.edu.mx\/Pruebax\/?page_id=2351","og_site_name":"Pruebaxx","article_modified_time":"2022-04-13T02:55:53+00:00","og_image":[{"url":"https:\/\/if.edu.mx\/Pruebax\/wp-content\/uploads\/2022\/04\/donar-14.png"}],"twitter_card":"summary_large_image","twitter_misc":{"Tiempo de lectura":"2 minutos"},"schema":{"@context":"https:\/\/schema.org","@graph":[{"@type":"WebSite","@id":"https:\/\/if.edu.mx\/Pruebax\/#website","url":"https:\/\/if.edu.mx\/Pruebax\/","name":"Pruebaxx","description":"Instituto de Filosof\u00eda","potentialAction":[{"@type":"SearchAction","target":{"@type":"EntryPoint","urlTemplate":"https:\/\/if.edu.mx\/Pruebax\/?s={search_term_string}"},"query-input":"required name=search_term_string"}],"inLanguage":"es"},{"@type":"ImageObject","@id":"https:\/\/if.edu.mx\/Pruebax\/?page_id=2351#primaryimage","inLanguage":"es","url":"https:\/\/if.edu.mx\/Pruebax\/wp-content\/uploads\/2022\/04\/donar-14.png","contentUrl":"https:\/\/if.edu.mx\/Pruebax\/wp-content\/uploads\/2022\/04\/donar-14.png","width":201,"height":200},{"@type":"WebPage","@id":"https:\/\/if.edu.mx\/Pruebax\/?page_id=2351#webpage","url":"https:\/\/if.edu.mx\/Pruebax\/?page_id=2351","name":"Donativos - Pruebaxx","isPartOf":{"@id":"https:\/\/if.edu.mx\/Pruebax\/#website"},"primaryImageOfPage":{"@id":"https:\/\/if.edu.mx\/Pruebax\/?page_id=2351#primaryimage"},"datePublished":"2022-04-13T01:48:07+00:00","dateModified":"2022-04-13T02:55:53+00:00","breadcrumb":{"@id":"https:\/\/if.edu.mx\/Pruebax\/?page_id=2351#breadcrumb"},"inLanguage":"es","potentialAction":[{"@type":"ReadAction","target":["https:\/\/if.edu.mx\/Pruebax\/?page_id=2351"]}]},{"@type":"BreadcrumbList","@id":"https:\/\/if.edu.mx\/Pruebax\/?page_id=2351#breadcrumb","itemListElement":[{"@type":"ListItem","position":1,"name":"Portada","item":"https:\/\/if.edu.mx\/Pruebax\/"},{"@type":"ListItem","position":2,"name":"Donativos"}]}]}},"_links":{"self":[{"href":"https:\/\/if.edu.mx\/Pruebax\/index.php?rest_route=\/wp\/v2\/pages\/2351","targetHints":{"allow":["GET"]}}],"collection":[{"href":"https:\/\/if.edu.mx\/Pruebax\/index.php?rest_route=\/wp\/v2\/pages"}],"about":[{"href":"https:\/\/if.edu.mx\/Pruebax\/index.php?rest_route=\/wp\/v2\/types\/page"}],"author":[{"embeddable":true,"href":"https:\/\/if.edu.mx\/Pruebax\/index.php?rest_route=\/wp\/v2\/users\/1"}],"replies":[{"embeddable":true,"href":"https:\/\/if.edu.mx\/Pruebax\/index.php?rest_route=%2Fwp%2Fv2%2Fcomments&post=2351"}],"version-history":[{"count":52,"href":"https:\/\/if.edu.mx\/Pruebax\/index.php?rest_route=\/wp\/v2\/pages\/2351\/revisions"}],"predecessor-version":[{"id":2409,"href":"https:\/\/if.edu.mx\/Pruebax\/index.php?rest_route=\/wp\/v2\/pages\/2351\/revisions\/2409"}],"wp:attachment":[{"href":"https:\/\/if.edu.mx\/Pruebax\/index.php?rest_route=%2Fwp%2Fv2%2Fmedia&parent=2351"}],"curies":[{"name":"wp","href":"https:\/\/api.w.org\/{rel}","templated":true}]}}